{"id":1142,"date":"2024-06-22T15:43:46","date_gmt":"2024-06-22T15:43:46","guid":{"rendered":"https:\/\/test.sanmarcopads.it\/?page_id=1142"},"modified":"2024-07-01T14:14:34","modified_gmt":"2024-07-01T14:14:34","slug":"rialto-gel","status":"publish","type":"page","link":"https:\/\/www.sanmarcopads.it\/es\/prodotti\/gel\/rialto-gel\/","title":{"rendered":"Rialto gel"},"content":{"rendered":"<div data-elementor-type=\"wp-page\" data-elementor-id=\"1142\" class=\"elementor elementor-1142\" data-elementor-post-type=\"page\">\n\t\t\t\t<div class=\"elementor-element elementor-element-7da6b4d elementor-hidden-desktop elementor-hidden-tablet e-flex e-con-boxed e-con e-parent\" data-id=\"7da6b4d\" data-element_type=\"container\" data-e-type=\"container\" data-settings=\"{&quot;background_background&quot;:&quot;classic&quot;}\">\n\t\t\t\t\t<div class=\"e-con-inner\">\n\t\t\t\t<div class=\"elementor-element elementor-element-10b9447 elementor-widget elementor-widget-image\" data-id=\"10b9447\" data-element_type=\"widget\" data-e-type=\"widget\" data-widget_type=\"image.default\">\n\t\t\t\t<div class=\"elementor-widget-container\">\n\t\t\t\t\t\t\t\t\t\t\t\t\t\t\t<img fetchpriority=\"high\" decoding=\"async\" width=\"918\" height=\"733\" src=\"https:\/\/www.sanmarcopads.it\/wp-content\/uploads\/2024\/06\/SMP2021_120_RIALTO-e1719402627115.png\" class=\"attachment-full size-full wp-image-989\" alt=\"\" srcset=\"https:\/\/www.sanmarcopads.it\/wp-content\/uploads\/2024\/06\/SMP2021_120_RIALTO-e1719402627115.png 918w, https:\/\/www.sanmarcopads.it\/wp-content\/uploads\/2024\/06\/SMP2021_120_RIALTO-e1719402627115-300x240.png 300w, https:\/\/www.sanmarcopads.it\/wp-content\/uploads\/2024\/06\/SMP2021_120_RIALTO-e1719402627115-768x613.png 768w, https:\/\/www.sanmarcopads.it\/wp-content\/uploads\/2024\/06\/SMP2021_120_RIALTO-e1719402627115-15x12.png 15w\" sizes=\"(max-width: 918px) 100vw, 918px\" \/>\t\t\t\t\t\t\t\t\t\t\t\t\t\t\t<\/div>\n\t\t\t\t<\/div>\n\t\t\t\t<div class=\"elementor-element elementor-element-d7f7d45 elementor-widget__width-initial elementor-widget elementor-widget-text-editor\" data-id=\"d7f7d45\" data-element_type=\"widget\" data-e-type=\"widget\" data-widget_type=\"text-editor.default\">\n\t\t\t\t<div class=\"elementor-widget-container\">\n\t\t\t\t\t\t\t\t\t<div class=\"flex-shrink-0 flex flex-col relative items-end\">\n<div>\n<div class=\"pt-0.5 juice:pt-0\">\n<div class=\"gizmo-bot-avatar flex h-6 w-6 items-center justify-center overflow-hidden rounded-full juice:h-8 juice:w-8\">\n<div class=\"relative p-1 rounded-sm flex items-center justify-center bg-token-main-surface-primary text-token-text-primary h-8 w-8\">La badana \u201cRialto\u201d ha sido desarrollada con un dise\u00f1o sencillo, fiable y eficaz. De hecho, la presencia de las alas laterales permite una completa adaptabilidad al cuerpo del atleta, junto a una amplia zona de apoyo para contrastar el dolor en el trasero.&nbsp;<br><\/div><\/div><\/div><\/div><\/div><div class=\"group\/conversation-turn relative flex w-full min-w-0 flex-col agent-turn\"><div class=\"flex-col gap-1 md:gap-3\"><div class=\"flex flex-grow flex-col max-w-full\">\n<\/div>\n<\/div>\n<\/div>\t\t\t\t\t\t\t\t<\/div>\n\t\t\t\t<\/div>\n\t\t\t\t<div class=\"elementor-element elementor-element-df864ad elementor-widget__width-initial elementor-widget elementor-widget-heading\" data-id=\"df864ad\" data-element_type=\"widget\" data-e-type=\"widget\" data-widget_type=\"heading.default\">\n\t\t\t\t<div class=\"elementor-widget-container\">\n\t\t\t\t\t<h3 class=\"elementor-heading-title elementor-size-default\">SIMPLE COMFORT<\/h3>\t\t\t\t<\/div>\n\t\t\t\t<\/div>\n\t\t\t\t<div class=\"elementor-element elementor-element-93fac72 elementor-widget__width-initial elementor-widget elementor-widget-heading\" data-id=\"93fac72\" data-element_type=\"widget\" data-e-type=\"widget\" data-widget_type=\"heading.default\">\n\t\t\t\t<div class=\"elementor-widget-container\">\n\t\t\t\t\t<h1 class=\"elementor-heading-title elementor-size-default\">rialto<\/h1>\t\t\t\t<\/div>\n\t\t\t\t<\/div>\n\t\t\t\t\t<\/div>\n\t\t\t\t<\/div>\n\t\t<div class=\"elementor-element elementor-element-f6ff404 elementor-hidden-mobile e-flex e-con-boxed e-con e-parent\" data-id=\"f6ff404\" data-element_type=\"container\" data-e-type=\"container\" data-settings=\"{&quot;background_background&quot;:&quot;classic&quot;}\">\n\t\t\t\t\t<div class=\"e-con-inner\">\n\t\t<div class=\"elementor-element elementor-element-0f5f4ef e-con-full e-flex e-con e-child\" data-id=\"0f5f4ef\" data-element_type=\"container\" data-e-type=\"container\">\n\t\t\t\t<div class=\"elementor-element elementor-element-661a11b elementor-widget elementor-widget-spacer\" data-id=\"661a11b\" data-element_type=\"widget\" data-e-type=\"widget\" data-widget_type=\"spacer.default\">\n\t\t\t\t<div class=\"elementor-widget-container\">\n\t\t\t\t\t\t\t<div class=\"elementor-spacer\">\n\t\t\t<div class=\"elementor-spacer-inner\"><\/div>\n\t\t<\/div>\n\t\t\t\t\t\t<\/div>\n\t\t\t\t<\/div>\n\t\t\t\t<div class=\"elementor-element elementor-element-2a8fdc1 elementor-widget__width-initial elementor-widget elementor-widget-heading\" data-id=\"2a8fdc1\" data-element_type=\"widget\" data-e-type=\"widget\" data-widget_type=\"heading.default\">\n\t\t\t\t<div class=\"elementor-widget-container\">\n\t\t\t\t\t<h1 class=\"elementor-heading-title elementor-size-default\">rialto<\/h1>\t\t\t\t<\/div>\n\t\t\t\t<\/div>\n\t\t\t\t<div class=\"elementor-element elementor-element-ead9620 elementor-widget__width-initial elementor-widget elementor-widget-heading\" data-id=\"ead9620\" data-element_type=\"widget\" data-e-type=\"widget\" data-widget_type=\"heading.default\">\n\t\t\t\t<div class=\"elementor-widget-container\">\n\t\t\t\t\t<h3 class=\"elementor-heading-title elementor-size-default\">SIMPLE COMFORT<\/h3>\t\t\t\t<\/div>\n\t\t\t\t<\/div>\n\t\t\t\t<div class=\"elementor-element elementor-element-1788ce6 elementor-widget__width-initial elementor-widget elementor-widget-text-editor\" data-id=\"1788ce6\" data-element_type=\"widget\" data-e-type=\"widget\" data-widget_type=\"text-editor.default\">\n\t\t\t\t<div class=\"elementor-widget-container\">\n\t\t\t\t\t\t\t\t\t<div><div><div><div style=\"text-align: left;\">La badana \u201cRialto\u201d ha sido desarrollada con un dise\u00f1o sencillo, fiable y eficaz. De hecho, la presencia de las alas laterales permite una completa adaptabilidad al cuerpo del atleta, junto a una amplia zona de apoyo para contrastar el dolor en el trasero.\u00a0<\/div><\/div><\/div><\/div>\t\t\t\t\t\t\t\t<\/div>\n\t\t\t\t<\/div>\n\t\t\t\t<div class=\"elementor-element elementor-element-0e065f0 elementor-widget elementor-widget-spacer\" data-id=\"0e065f0\" data-element_type=\"widget\" data-e-type=\"widget\" data-widget_type=\"spacer.default\">\n\t\t\t\t<div class=\"elementor-widget-container\">\n\t\t\t\t\t\t\t<div class=\"elementor-spacer\">\n\t\t\t<div class=\"elementor-spacer-inner\"><\/div>\n\t\t<\/div>\n\t\t\t\t\t\t<\/div>\n\t\t\t\t<\/div>\n\t\t\t\t<\/div>\n\t\t<div class=\"elementor-element elementor-element-3809578 e-con-full e-flex e-con e-child\" data-id=\"3809578\" data-element_type=\"container\" data-e-type=\"container\">\n\t\t\t\t<div class=\"elementor-element elementor-element-4e535f9 elementor-widget elementor-widget-image\" data-id=\"4e535f9\" data-element_type=\"widget\" data-e-type=\"widget\" data-widget_type=\"image.default\">\n\t\t\t\t<div class=\"elementor-widget-container\">\n\t\t\t\t\t\t\t\t\t\t\t\t\t\t\t<img fetchpriority=\"high\" decoding=\"async\" width=\"918\" height=\"733\" src=\"https:\/\/www.sanmarcopads.it\/wp-content\/uploads\/2024\/06\/SMP2021_120_RIALTO-e1719402627115.png\" class=\"attachment-full size-full wp-image-989\" alt=\"\" srcset=\"https:\/\/www.sanmarcopads.it\/wp-content\/uploads\/2024\/06\/SMP2021_120_RIALTO-e1719402627115.png 918w, https:\/\/www.sanmarcopads.it\/wp-content\/uploads\/2024\/06\/SMP2021_120_RIALTO-e1719402627115-300x240.png 300w, https:\/\/www.sanmarcopads.it\/wp-content\/uploads\/2024\/06\/SMP2021_120_RIALTO-e1719402627115-768x613.png 768w, https:\/\/www.sanmarcopads.it\/wp-content\/uploads\/2024\/06\/SMP2021_120_RIALTO-e1719402627115-15x12.png 15w\" sizes=\"(max-width: 918px) 100vw, 918px\" \/>\t\t\t\t\t\t\t\t\t\t\t\t\t\t\t<\/div>\n\t\t\t\t<\/div>\n\t\t\t\t<\/div>\n\t\t\t\t\t<\/div>\n\t\t\t\t<\/div>\n\t\t<div class=\"elementor-element elementor-element-22b81fd e-flex e-con-boxed e-con e-parent\" data-id=\"22b81fd\" data-element_type=\"container\" data-e-type=\"container\">\n\t\t\t\t\t<div class=\"e-con-inner\">\n\t\t\t\t<div class=\"elementor-element elementor-element-a3592c9 elementor-widget elementor-widget-spacer\" data-id=\"a3592c9\" data-element_type=\"widget\" data-e-type=\"widget\" data-widget_type=\"spacer.default\">\n\t\t\t\t<div class=\"elementor-widget-container\">\n\t\t\t\t\t\t\t<div class=\"elementor-spacer\">\n\t\t\t<div class=\"elementor-spacer-inner\"><\/div>\n\t\t<\/div>\n\t\t\t\t\t\t<\/div>\n\t\t\t\t<\/div>\n\t\t\t\t<div class=\"elementor-element elementor-element-c7943e8 elementor-widget elementor-widget-heading\" data-id=\"c7943e8\" data-element_type=\"widget\" data-e-type=\"widget\" data-widget_type=\"heading.default\">\n\t\t\t\t<div class=\"elementor-widget-container\">\n\t\t\t\t\t<h2 class=\"elementor-heading-title elementor-size-default\">TECNOLOG\u00cdA GEL<\/h2>\t\t\t\t<\/div>\n\t\t\t\t<\/div>\n\t\t\t\t<div class=\"elementor-element elementor-element-160694e elementor-widget elementor-widget-text-editor\" data-id=\"160694e\" data-element_type=\"widget\" data-e-type=\"widget\" data-widget_type=\"text-editor.default\">\n\t\t\t\t<div class=\"elementor-widget-container\">\n\t\t\t\t\t\t\t\t\t<p><span style=\"white-space-collapse: preserve;\">Nuestras badanas con inserci\u00f3n de gel ofrecen un soporte adicional adem\u00e1s de las espumas de poliuretano. El\u00e1stica y perforada para mayor transpirabilidad y comodidad, la inserci\u00f3n de gel que utilizamos tiene una forma y estructura que se adapta perfectamente a cada una de nuestras almohadillas.<\/span>\u00a0<\/p>\t\t\t\t\t\t\t\t<\/div>\n\t\t\t\t<\/div>\n\t\t<div class=\"elementor-element elementor-element-a307c0e e-grid e-con-full e-con e-child\" data-id=\"a307c0e\" data-element_type=\"container\" data-e-type=\"container\">\n\t\t<div class=\"elementor-element elementor-element-cc59b29 e-flex e-con-boxed e-con e-child\" data-id=\"cc59b29\" data-element_type=\"container\" data-e-type=\"container\">\n\t\t\t\t\t<div class=\"e-con-inner\">\n\t\t\t\t<div class=\"elementor-element elementor-element-41022d6 elementor-widget__width-initial elementor-widget elementor-widget-image\" data-id=\"41022d6\" data-element_type=\"widget\" data-e-type=\"widget\" data-widget_type=\"image.default\">\n\t\t\t\t<div class=\"elementor-widget-container\">\n\t\t\t\t\t\t\t\t\t\t\t\t\t\t\t<img decoding=\"async\" width=\"300\" height=\"300\" src=\"https:\/\/www.sanmarcopads.it\/wp-content\/uploads\/2024\/06\/IMG_6534-gel-300x300.jpg\" class=\"attachment-medium size-medium wp-image-652\" alt=\"\" srcset=\"https:\/\/www.sanmarcopads.it\/wp-content\/uploads\/2024\/06\/IMG_6534-gel-300x300.jpg 300w, https:\/\/www.sanmarcopads.it\/wp-content\/uploads\/2024\/06\/IMG_6534-gel-150x150.jpg 150w, https:\/\/www.sanmarcopads.it\/wp-content\/uploads\/2024\/06\/IMG_6534-gel-768x768.jpg 768w, https:\/\/www.sanmarcopads.it\/wp-content\/uploads\/2024\/06\/IMG_6534-gel.jpg 960w\" sizes=\"(max-width: 300px) 100vw, 300px\" \/>\t\t\t\t\t\t\t\t\t\t\t\t\t\t\t<\/div>\n\t\t\t\t<\/div>\n\t\t\t\t<div class=\"elementor-element elementor-element-20c3495 elementor-widget__width-initial elementor-widget elementor-widget-progress\" data-id=\"20c3495\" data-element_type=\"widget\" data-e-type=\"widget\" data-widget_type=\"progress.default\">\n\t\t\t\t<div class=\"elementor-widget-container\">\n\t\t\t\t\t\t\t\t<span class=\"elementor-title\" id=\"elementor-progress-bar-20c3495\">\n\t\t\t\tduraci\u00f3n\t\t\t<\/span>\n\t\t\n\t\t<div aria-labelledby=\"elementor-progress-bar-20c3495\" class=\"elementor-progress-wrapper\" role=\"progressbar\" aria-valuemin=\"0\" aria-valuemax=\"100\" aria-valuenow=\"40\" aria-valuetext=\"40% (6 H)\">\n\t\t\t<div class=\"elementor-progress-bar\" data-max=\"40\">\n\t\t\t\t<span class=\"elementor-progress-text\">6 H<\/span>\n\t\t\t\t\t\t\t<\/div>\n\t\t<\/div>\n\t\t\t\t\t\t<\/div>\n\t\t\t\t<\/div>\n\t\t\t\t\t<\/div>\n\t\t\t\t<\/div>\n\t\t\t\t<div class=\"elementor-element elementor-element-aa3ef39 elementor-widget elementor-widget-image\" data-id=\"aa3ef39\" data-element_type=\"widget\" data-e-type=\"widget\" data-widget_type=\"image.default\">\n\t\t\t\t<div class=\"elementor-widget-container\">\n\t\t\t\t\t\t\t\t\t\t\t\t\t\t\t<img decoding=\"async\" width=\"287\" height=\"180\" src=\"https:\/\/www.sanmarcopads.it\/wp-content\/uploads\/2024\/06\/rialto-gel-mix-700px-e1719071436458.png\" class=\"attachment-medium_large size-medium_large wp-image-1153\" alt=\"\" srcset=\"https:\/\/www.sanmarcopads.it\/wp-content\/uploads\/2024\/06\/rialto-gel-mix-700px-e1719071436458.png 287w, https:\/\/www.sanmarcopads.it\/wp-content\/uploads\/2024\/06\/rialto-gel-mix-700px-e1719071436458-18x12.png 18w\" sizes=\"(max-width: 287px) 100vw, 287px\" \/>\t\t\t\t\t\t\t\t\t\t\t\t\t\t\t<\/div>\n\t\t\t\t<\/div>\n\t\t\t\t<\/div>\n\t\t\t\t<div class=\"elementor-element elementor-element-c6d3709 elementor-widget elementor-widget-spacer\" data-id=\"c6d3709\" data-element_type=\"widget\" data-e-type=\"widget\" data-widget_type=\"spacer.default\">\n\t\t\t\t<div class=\"elementor-widget-container\">\n\t\t\t\t\t\t\t<div class=\"elementor-spacer\">\n\t\t\t<div class=\"elementor-spacer-inner\"><\/div>\n\t\t<\/div>\n\t\t\t\t\t\t<\/div>\n\t\t\t\t<\/div>\n\t\t\t\t\t<\/div>\n\t\t\t\t<\/div>\n\t\t<div class=\"elementor-element elementor-element-c53e2e4 e-flex e-con-boxed e-con e-parent\" data-id=\"c53e2e4\" data-element_type=\"container\" data-e-type=\"container\" data-settings=\"{&quot;background_background&quot;:&quot;classic&quot;,&quot;background_motion_fx_motion_fx_scrolling&quot;:&quot;yes&quot;,&quot;background_motion_fx_translateY_effect&quot;:&quot;yes&quot;,&quot;background_motion_fx_translateY_speed&quot;:{&quot;unit&quot;:&quot;px&quot;,&quot;size&quot;:4.9,&quot;sizes&quot;:[]},&quot;background_motion_fx_translateY_affectedRange&quot;:{&quot;unit&quot;:&quot;%&quot;,&quot;size&quot;:&quot;&quot;,&quot;sizes&quot;:{&quot;start&quot;:0,&quot;end&quot;:100}},&quot;background_motion_fx_devices&quot;:[&quot;desktop&quot;,&quot;tablet&quot;,&quot;mobile&quot;]}\">\n\t\t\t\t\t<div class=\"e-con-inner\">\n\t\t\t\t<div class=\"elementor-element elementor-element-e61e837 elementor-widget elementor-widget-heading\" data-id=\"e61e837\" data-element_type=\"widget\" data-e-type=\"widget\" data-widget_type=\"heading.default\">\n\t\t\t\t<div class=\"elementor-widget-container\">\n\t\t\t\t\t<h2 class=\"elementor-heading-title elementor-size-default\">PERSONALIZACI\u00d3N<\/h2>\t\t\t\t<\/div>\n\t\t\t\t<\/div>\n\t\t\t\t<div class=\"elementor-element elementor-element-b508852 elementor-widget elementor-widget-text-editor\" data-id=\"b508852\" data-element_type=\"widget\" data-e-type=\"widget\" data-widget_type=\"text-editor.default\">\n\t\t\t\t<div class=\"elementor-widget-container\">\n\t\t\t\t\t\t\t\t\t<h3>\u00bfQuieres personalizar tu badana con un gr\u00e1fico en particular? \u00a1Es posible!<\/h3><p>Gracias a la alta calidad de los materiales y de la mano de obra, es posible imprimir tu badana con cualquier tipo de color y dise\u00f1o.<\/p><p>\u00a1Cont\u00e1ctenos para m\u00e1s informaci\u00f3n!<\/p>\t\t\t\t\t\t\t\t<\/div>\n\t\t\t\t<\/div>\n\t\t\t\t\t<\/div>\n\t\t\t\t<\/div>\n\t\t<div class=\"elementor-element elementor-element-5260df4 e-flex e-con-boxed e-con e-parent\" data-id=\"5260df4\" data-element_type=\"container\" data-e-type=\"container\">\n\t\t\t\t\t<div class=\"e-con-inner\">\n\t\t\t\t<div class=\"elementor-element elementor-element-8937154 elementor-widget elementor-widget-spacer\" data-id=\"8937154\" data-element_type=\"widget\" data-e-type=\"widget\" data-widget_type=\"spacer.default\">\n\t\t\t\t<div class=\"elementor-widget-container\">\n\t\t\t\t\t\t\t<div class=\"elementor-spacer\">\n\t\t\t<div class=\"elementor-spacer-inner\"><\/div>\n\t\t<\/div>\n\t\t\t\t\t\t<\/div>\n\t\t\t\t<\/div>\n\t\t<div class=\"elementor-element elementor-element-6b69716 e-grid e-con-full e-con e-child\" data-id=\"6b69716\" data-element_type=\"container\" data-e-type=\"container\">\n\t\t<div class=\"elementor-element elementor-element-64bd470 e-flex e-con-boxed e-con e-child\" data-id=\"64bd470\" data-element_type=\"container\" data-e-type=\"container\">\n\t\t\t\t\t<div class=\"e-con-inner\">\n\t\t\t\t<div class=\"elementor-element elementor-element-1969ba2 elementor-widget elementor-widget-image\" data-id=\"1969ba2\" data-element_type=\"widget\" data-e-type=\"widget\" data-widget_type=\"image.default\">\n\t\t\t\t<div class=\"elementor-widget-container\">\n\t\t\t\t\t\t\t\t\t\t\t\t\t\t\t<img loading=\"lazy\" decoding=\"async\" width=\"768\" height=\"768\" src=\"https:\/\/www.sanmarcopads.it\/wp-content\/uploads\/2024\/06\/CC10-10847a-768x768.png\" class=\"attachment-medium_large size-medium_large wp-image-841\" alt=\"\" srcset=\"https:\/\/www.sanmarcopads.it\/wp-content\/uploads\/2024\/06\/CC10-10847a-768x768.png 768w, https:\/\/www.sanmarcopads.it\/wp-content\/uploads\/2024\/06\/CC10-10847a-300x300.png 300w, https:\/\/www.sanmarcopads.it\/wp-content\/uploads\/2024\/06\/CC10-10847a-150x150.png 150w, https:\/\/www.sanmarcopads.it\/wp-content\/uploads\/2024\/06\/CC10-10847a.png 900w\" sizes=\"(max-width: 768px) 100vw, 768px\" \/>\t\t\t\t\t\t\t\t\t\t\t\t\t\t\t<\/div>\n\t\t\t\t<\/div>\n\t\t\t\t\t<\/div>\n\t\t\t\t<\/div>\n\t\t<div class=\"elementor-element elementor-element-7d2e9e0 e-flex e-con-boxed e-con e-child\" data-id=\"7d2e9e0\" data-element_type=\"container\" data-e-type=\"container\">\n\t\t\t\t\t<div class=\"e-con-inner\">\n\t\t\t\t<div class=\"elementor-element elementor-element-badd17b elementor-widget elementor-widget-image\" data-id=\"badd17b\" data-element_type=\"widget\" data-e-type=\"widget\" data-widget_type=\"image.default\">\n\t\t\t\t<div class=\"elementor-widget-container\">\n\t\t\t\t\t\t\t\t\t\t\t\t\t\t\t<img loading=\"lazy\" decoding=\"async\" width=\"800\" height=\"800\" src=\"https:\/\/www.sanmarcopads.it\/wp-content\/uploads\/2024\/06\/CC10-10849a.png\" class=\"attachment-large size-large wp-image-842\" alt=\"\" srcset=\"https:\/\/www.sanmarcopads.it\/wp-content\/uploads\/2024\/06\/CC10-10849a.png 900w, https:\/\/www.sanmarcopads.it\/wp-content\/uploads\/2024\/06\/CC10-10849a-300x300.png 300w, https:\/\/www.sanmarcopads.it\/wp-content\/uploads\/2024\/06\/CC10-10849a-150x150.png 150w, https:\/\/www.sanmarcopads.it\/wp-content\/uploads\/2024\/06\/CC10-10849a-768x768.png 768w\" sizes=\"(max-width: 800px) 100vw, 800px\" \/>\t\t\t\t\t\t\t\t\t\t\t\t\t\t\t<\/div>\n\t\t\t\t<\/div>\n\t\t\t\t\t<\/div>\n\t\t\t\t<\/div>\n\t\t<div class=\"elementor-element elementor-element-c9bc0e1 e-flex e-con-boxed e-con e-child\" data-id=\"c9bc0e1\" data-element_type=\"container\" data-e-type=\"container\">\n\t\t\t\t\t<div class=\"e-con-inner\">\n\t\t\t\t<div class=\"elementor-element elementor-element-04aa8ce elementor-widget elementor-widget-image\" data-id=\"04aa8ce\" data-element_type=\"widget\" data-e-type=\"widget\" data-widget_type=\"image.default\">\n\t\t\t\t<div class=\"elementor-widget-container\">\n\t\t\t\t\t\t\t\t\t\t\t\t\t\t\t<img loading=\"lazy\" decoding=\"async\" width=\"800\" height=\"800\" src=\"https:\/\/www.sanmarcopads.it\/wp-content\/uploads\/2024\/06\/CC10-10846a.png\" class=\"attachment-large size-large wp-image-844\" alt=\"\" srcset=\"https:\/\/www.sanmarcopads.it\/wp-content\/uploads\/2024\/06\/CC10-10846a.png 900w, https:\/\/www.sanmarcopads.it\/wp-content\/uploads\/2024\/06\/CC10-10846a-300x300.png 300w, https:\/\/www.sanmarcopads.it\/wp-content\/uploads\/2024\/06\/CC10-10846a-150x150.png 150w, https:\/\/www.sanmarcopads.it\/wp-content\/uploads\/2024\/06\/CC10-10846a-768x768.png 768w\" sizes=\"(max-width: 800px) 100vw, 800px\" \/>\t\t\t\t\t\t\t\t\t\t\t\t\t\t\t<\/div>\n\t\t\t\t<\/div>\n\t\t\t\t\t<\/div>\n\t\t\t\t<\/div>\n\t\t\t\t<div class=\"elementor-element elementor-element-48a9230 elementor-widget elementor-widget-image\" data-id=\"48a9230\" data-element_type=\"widget\" data-e-type=\"widget\" data-widget_type=\"image.default\">\n\t\t\t\t<div class=\"elementor-widget-container\">\n\t\t\t\t\t\t\t\t\t\t\t\t\t\t\t<img loading=\"lazy\" decoding=\"async\" width=\"800\" height=\"800\" src=\"https:\/\/www.sanmarcopads.it\/wp-content\/uploads\/2024\/06\/CC10-10844a.png\" class=\"attachment-large size-large wp-image-843\" alt=\"\" srcset=\"https:\/\/www.sanmarcopads.it\/wp-content\/uploads\/2024\/06\/CC10-10844a.png 900w, https:\/\/www.sanmarcopads.it\/wp-content\/uploads\/2024\/06\/CC10-10844a-300x300.png 300w, https:\/\/www.sanmarcopads.it\/wp-content\/uploads\/2024\/06\/CC10-10844a-150x150.png 150w, https:\/\/www.sanmarcopads.it\/wp-content\/uploads\/2024\/06\/CC10-10844a-768x768.png 768w\" sizes=\"(max-width: 800px) 100vw, 800px\" \/>\t\t\t\t\t\t\t\t\t\t\t\t\t\t\t<\/div>\n\t\t\t\t<\/div>\n\t\t\t\t<\/div>\n\t\t\t\t<div class=\"elementor-element elementor-element-b88dfbe elementor-widget elementor-widget-spacer\" data-id=\"b88dfbe\" data-element_type=\"widget\" data-e-type=\"widget\" data-widget_type=\"spacer.default\">\n\t\t\t\t<div class=\"elementor-widget-container\">\n\t\t\t\t\t\t\t<div class=\"elementor-spacer\">\n\t\t\t<div class=\"elementor-spacer-inner\"><\/div>\n\t\t<\/div>\n\t\t\t\t\t\t<\/div>\n\t\t\t\t<\/div>\n\t\t\t\t<div class=\"elementor-element elementor-element-55a89d4 elementor-widget elementor-widget-spacer\" data-id=\"55a89d4\" data-element_type=\"widget\" data-e-type=\"widget\" data-widget_type=\"spacer.default\">\n\t\t\t\t<div class=\"elementor-widget-container\">\n\t\t\t\t\t\t\t<div class=\"elementor-spacer\">\n\t\t\t<div class=\"elementor-spacer-inner\"><\/div>\n\t\t<\/div>\n\t\t\t\t\t\t<\/div>\n\t\t\t\t<\/div>\n\t\t\t\t\t<\/div>\n\t\t\t\t<\/div>\n\t\t<div class=\"elementor-element elementor-element-78af965 e-flex e-con-boxed e-con e-parent\" data-id=\"78af965\" data-element_type=\"container\" data-e-type=\"container\" data-settings=\"{&quot;background_background&quot;:&quot;gradient&quot;}\">\n\t\t\t\t\t<div class=\"e-con-inner\">\n\t\t\t\t<div class=\"elementor-element elementor-element-134c12f elementor-widget elementor-widget-heading\" data-id=\"134c12f\" data-element_type=\"widget\" data-e-type=\"widget\" data-widget_type=\"heading.default\">\n\t\t\t\t<div class=\"elementor-widget-container\">\n\t\t\t\t\t<h1 class=\"elementor-heading-title elementor-size-default\">Contactos<\/h1>\t\t\t\t<\/div>\n\t\t\t\t<\/div>\n\t\t\t\t<div class=\"elementor-element elementor-element-15210ef eael-contact-form-7-button-full-width elementor-widget elementor-widget-eael-contact-form-7\" data-id=\"15210ef\" data-element_type=\"widget\" data-e-type=\"widget\" data-widget_type=\"eael-contact-form-7.default\">\n\t\t\t\t<div class=\"elementor-widget-container\">\n\t\t\t\t\t<div class=\"eael-contact-form-7-wrapper\">\n                <div class=\"eael-contact-form eael-contact-form-7 eael-contact-form-15210ef eael-contact-form-align-center\">\n<div class=\"wpcf7 no-js\" id=\"wpcf7-f1729-o1\" lang=\"en-US\" dir=\"ltr\">\n<div class=\"screen-reader-response\"><p role=\"status\" aria-live=\"polite\" aria-atomic=\"true\"><\/p> <ul><\/ul><\/div>\n<form action=\"\/es\/wp-json\/wp\/v2\/pages\/1142#wpcf7-f1729-o1\" method=\"post\" class=\"wpcf7-form init\" aria-label=\"Contact form\" novalidate=\"novalidate\" data-status=\"init\" data-trp-original-action=\"\/es\/wp-json\/wp\/v2\/pages\/1142#wpcf7-f1729-o1\">\n<div style=\"display: none;\">\n<input type=\"hidden\" name=\"_wpcf7\" value=\"1729\" \/>\n<input type=\"hidden\" name=\"_wpcf7_version\" value=\"5.9.6\" \/>\n<input type=\"hidden\" name=\"_wpcf7_locale\" value=\"en_US\" \/>\n<input type=\"hidden\" name=\"_wpcf7_unit_tag\" value=\"wpcf7-f1729-o1\" \/>\n<input type=\"hidden\" name=\"_wpcf7_container_post\" value=\"0\" \/>\n<input type=\"hidden\" name=\"_wpcf7_posted_data_hash\" value=\"\" \/>\n<input type=\"hidden\" name=\"_wpcf7_recaptcha_response\" value=\"\" \/>\n<\/div>\n<p><label> Name<br \/>\n<span class=\"wpcf7-form-control-wrap\" data-name=\"your-name\"><input size=\"40\" maxlength=\"80\" class=\"wpcf7-form-control wpcf7-text wpcf7-validates-as-required\" autocomplete=\"name\" aria-required=\"true\" aria-invalid=\"false\" value=\"\" type=\"text\" name=\"your-name\" \/><\/span> <\/label>\n<\/p>\n<p><label> Email<br \/>\n<span class=\"wpcf7-form-control-wrap\" data-name=\"your-email\"><input size=\"40\" maxlength=\"80\" class=\"wpcf7-form-control wpcf7-email wpcf7-validates-as-required wpcf7-text wpcf7-validates-as-email\" autocomplete=\"email\" aria-required=\"true\" aria-invalid=\"false\" value=\"\" type=\"email\" name=\"your-email\" \/><\/span> <\/label>\n<\/p>\n<p><label> Subject<br \/>\n<span class=\"wpcf7-form-control-wrap\" data-name=\"your-subject\"><input size=\"40\" maxlength=\"80\" class=\"wpcf7-form-control wpcf7-text wpcf7-validates-as-required\" aria-required=\"true\" aria-invalid=\"false\" value=\"\" type=\"text\" name=\"your-subject\" \/><\/span> <\/label>\n<\/p>\n<p><label> Message<br \/>\n<span class=\"wpcf7-form-control-wrap\" data-name=\"your-message\"><textarea cols=\"40\" rows=\"10\" maxlength=\"400\" class=\"wpcf7-form-control wpcf7-textarea\" aria-invalid=\"false\" name=\"your-message\"><\/textarea><\/span> <\/label>\n<\/p>\n<p><input class=\"wpcf7-form-control wpcf7-submit has-spinner\" type=\"submit\" value=\"Submit\" \/>\n<\/p><div class=\"wpcf7-response-output\" aria-hidden=\"true\"><\/div>\n<input type=\"hidden\" name=\"trp-form-language\" value=\"es\"\/><\/form>\n<\/div>\n<\/div>\n            <\/div>\t\t\t\t<\/div>\n\t\t\t\t<\/div>\n\t\t\t\t\t<\/div>\n\t\t\t\t<\/div>\n\t\t\t\t<\/div>","protected":false},"excerpt":{"rendered":"<p>Il fondello \u201cRialto\u201d \u00e8 stato sviluppato con un design semplice, affidabile ed efficace. Infatti la presenza della alette laterali permette una completa adattabilit\u00e0 al corpo dell\u2019atleta, assieme ad una zona di supporto ampia volta a contrastare il dolore al soprasella a qualunque tipo di ciclista.&nbsp; SIMPLE COMFORT rialto rialto SIMPLE COMFORT Il fondello \u201cRialto\u201d \u00e8 [&hellip;]<\/p>","protected":false},"author":2,"featured_media":0,"parent":669,"menu_order":0,"comment_status":"closed","ping_status":"closed","template":"elementor_header_footer","meta":{"footnotes":""},"class_list":["post-1142","page","type-page","status-publish","hentry"],"_links":{"self":[{"href":"https:\/\/www.sanmarcopads.it\/es\/wp-json\/wp\/v2\/pages\/1142","targetHints":{"allow":["GET"]}}],"collection":[{"href":"https:\/\/www.sanmarcopads.it\/es\/wp-json\/wp\/v2\/pages"}],"about":[{"href":"https:\/\/www.sanmarcopads.it\/es\/wp-json\/wp\/v2\/types\/page"}],"author":[{"embeddable":true,"href":"https:\/\/www.sanmarcopads.it\/es\/wp-json\/wp\/v2\/users\/2"}],"replies":[{"embeddable":true,"href":"https:\/\/www.sanmarcopads.it\/es\/wp-json\/wp\/v2\/comments?post=1142"}],"version-history":[{"count":15,"href":"https:\/\/www.sanmarcopads.it\/es\/wp-json\/wp\/v2\/pages\/1142\/revisions"}],"predecessor-version":[{"id":1833,"href":"https:\/\/www.sanmarcopads.it\/es\/wp-json\/wp\/v2\/pages\/1142\/revisions\/1833"}],"up":[{"embeddable":true,"href":"https:\/\/www.sanmarcopads.it\/es\/wp-json\/wp\/v2\/pages\/669"}],"wp:attachment":[{"href":"https:\/\/www.sanmarcopads.it\/es\/wp-json\/wp\/v2\/media?parent=1142"}],"curies":[{"name":"wp","href":"https:\/\/api.w.org\/{rel}","templated":true}]}}