{"id":1475,"date":"2024-06-27T21:31:04","date_gmt":"2024-06-27T21:31:04","guid":{"rendered":"https:\/\/test.sanmarcopads.it\/?page_id=1475"},"modified":"2024-07-01T14:14:59","modified_gmt":"2024-07-01T14:14:59","slug":"burano_w","status":"publish","type":"page","link":"https:\/\/www.sanmarcopads.it\/es\/prodotti\/triathlon\/burano_w\/","title":{"rendered":"Burano woman"},"content":{"rendered":"<div data-elementor-type=\"wp-page\" data-elementor-id=\"1475\" class=\"elementor elementor-1475\" data-elementor-post-type=\"page\">\n\t\t\t\t<div class=\"elementor-element elementor-element-7da6b4d elementor-hidden-tablet elementor-hidden-desktop e-flex e-con-boxed e-con e-parent\" data-id=\"7da6b4d\" data-element_type=\"container\" data-e-type=\"container\" data-settings=\"{&quot;background_background&quot;:&quot;classic&quot;}\">\n\t\t\t\t\t<div class=\"e-con-inner\">\n\t\t\t\t<div class=\"elementor-element elementor-element-10b9447 elementor-widget elementor-widget-image\" data-id=\"10b9447\" data-element_type=\"widget\" data-e-type=\"widget\" data-widget_type=\"image.default\">\n\t\t\t\t<div class=\"elementor-widget-container\">\n\t\t\t\t\t\t\t\t\t\t\t\t\t\t\t<img fetchpriority=\"high\" decoding=\"async\" width=\"900\" height=\"720\" src=\"https:\/\/www.sanmarcopads.it\/wp-content\/uploads\/2024\/06\/SMP2021_028_BURANO-900px.png\" class=\"attachment-full size-full wp-image-860\" alt=\"\" srcset=\"https:\/\/www.sanmarcopads.it\/wp-content\/uploads\/2024\/06\/SMP2021_028_BURANO-900px.png 900w, https:\/\/www.sanmarcopads.it\/wp-content\/uploads\/2024\/06\/SMP2021_028_BURANO-900px-300x240.png 300w, https:\/\/www.sanmarcopads.it\/wp-content\/uploads\/2024\/06\/SMP2021_028_BURANO-900px-768x614.png 768w\" sizes=\"(max-width: 900px) 100vw, 900px\" \/>\t\t\t\t\t\t\t\t\t\t\t\t\t\t\t<\/div>\n\t\t\t\t<\/div>\n\t\t\t\t<div class=\"elementor-element elementor-element-d7f7d45 elementor-widget__width-initial elementor-widget elementor-widget-text-editor\" data-id=\"d7f7d45\" data-element_type=\"widget\" data-e-type=\"widget\" data-widget_type=\"text-editor.default\">\n\t\t\t\t<div class=\"elementor-widget-container\">\n\t\t\t\t\t\t\t\t\t<div><div><div><div><div><span style=\"text-align: var(--text-align); background-color: var( --e-global-color-a560c74 );\">La badana triatl\u00f3n \"Burano mujer\" tiene una forma ergon\u00f3mica y delgada, adem\u00e1s la amplia \u00e1rea de apoyo central ofrece un soporte confiable y de largo plazo. Los agujeros delantero y trasero aumentan la transpirabilidad de manera notable, para fomentar un secado r\u00e1pido.\u00a0<\/span><span style=\"color: var( --e-global-color-text ); font-family: var( --e-global-typography-text-font-family ), Sans-serif; font-size: var( --e-global-typography-text-font-size ); font-weight: var( --e-global-typography-text-font-weight ); text-transform: var( --e-global-typography-text-text-transform ); text-align: var(--text-align); background-color: var( --e-global-color-a560c74 );\">\u00a0<\/span><\/div><\/div><\/div><\/div><\/div>\t\t\t\t\t\t\t\t<\/div>\n\t\t\t\t<\/div>\n\t\t\t\t<div class=\"elementor-element elementor-element-93fac72 elementor-widget__width-initial elementor-widget elementor-widget-heading\" data-id=\"93fac72\" data-element_type=\"widget\" data-e-type=\"widget\" data-widget_type=\"heading.default\">\n\t\t\t\t<div class=\"elementor-widget-container\">\n\t\t\t\t\t<h1 class=\"elementor-heading-title elementor-size-default\">BURANO woman<\/h1>\t\t\t\t<\/div>\n\t\t\t\t<\/div>\n\t\t\t\t\t<\/div>\n\t\t\t\t<\/div>\n\t\t<div class=\"elementor-element elementor-element-f6ff404 elementor-hidden-mobile e-flex e-con-boxed e-con e-parent\" data-id=\"f6ff404\" data-element_type=\"container\" data-e-type=\"container\" data-settings=\"{&quot;background_background&quot;:&quot;classic&quot;}\">\n\t\t\t\t\t<div class=\"e-con-inner\">\n\t\t<div class=\"elementor-element elementor-element-0f5f4ef e-con-full e-flex e-con e-child\" data-id=\"0f5f4ef\" data-element_type=\"container\" data-e-type=\"container\">\n\t\t\t\t<div class=\"elementor-element elementor-element-661a11b elementor-widget elementor-widget-spacer\" data-id=\"661a11b\" data-element_type=\"widget\" data-e-type=\"widget\" data-widget_type=\"spacer.default\">\n\t\t\t\t<div class=\"elementor-widget-container\">\n\t\t\t\t\t\t\t<div class=\"elementor-spacer\">\n\t\t\t<div class=\"elementor-spacer-inner\"><\/div>\n\t\t<\/div>\n\t\t\t\t\t\t<\/div>\n\t\t\t\t<\/div>\n\t\t\t\t<div class=\"elementor-element elementor-element-2a8fdc1 elementor-widget__width-initial elementor-widget elementor-widget-heading\" data-id=\"2a8fdc1\" data-element_type=\"widget\" data-e-type=\"widget\" data-widget_type=\"heading.default\">\n\t\t\t\t<div class=\"elementor-widget-container\">\n\t\t\t\t\t<h1 class=\"elementor-heading-title elementor-size-default\">BURANO woman<\/h1>\t\t\t\t<\/div>\n\t\t\t\t<\/div>\n\t\t\t\t<div class=\"elementor-element elementor-element-1788ce6 elementor-widget__width-initial elementor-widget elementor-widget-text-editor\" data-id=\"1788ce6\" data-element_type=\"widget\" data-e-type=\"widget\" data-widget_type=\"text-editor.default\">\n\t\t\t\t<div class=\"elementor-widget-container\">\n\t\t\t\t\t\t\t\t\t<div><div><div><div style=\"text-align: left;\"><div>La badana triatl\u00f3n \"Burano mujer\" tiene una forma ergon\u00f3mica y delgada, adem\u00e1s la amplia \u00e1rea de apoyo central ofrece un soporte confiable y de largo plazo. Los agujeros delantero y trasero aumentan la transpirabilidad de manera notable, para fomentar un secado r\u00e1pido.\u00a0<\/div><\/div><\/div><\/div><\/div>\t\t\t\t\t\t\t\t<\/div>\n\t\t\t\t<\/div>\n\t\t\t\t<div class=\"elementor-element elementor-element-0e065f0 elementor-widget elementor-widget-spacer\" data-id=\"0e065f0\" data-element_type=\"widget\" data-e-type=\"widget\" data-widget_type=\"spacer.default\">\n\t\t\t\t<div class=\"elementor-widget-container\">\n\t\t\t\t\t\t\t<div class=\"elementor-spacer\">\n\t\t\t<div class=\"elementor-spacer-inner\"><\/div>\n\t\t<\/div>\n\t\t\t\t\t\t<\/div>\n\t\t\t\t<\/div>\n\t\t\t\t<\/div>\n\t\t<div class=\"elementor-element elementor-element-3809578 e-con-full e-flex e-con e-child\" data-id=\"3809578\" data-element_type=\"container\" data-e-type=\"container\">\n\t\t\t\t<div class=\"elementor-element elementor-element-4e535f9 elementor-widget elementor-widget-image\" data-id=\"4e535f9\" data-element_type=\"widget\" data-e-type=\"widget\" data-widget_type=\"image.default\">\n\t\t\t\t<div class=\"elementor-widget-container\">\n\t\t\t\t\t\t\t\t\t\t\t\t\t\t\t<img fetchpriority=\"high\" decoding=\"async\" width=\"900\" height=\"720\" src=\"https:\/\/www.sanmarcopads.it\/wp-content\/uploads\/2024\/06\/SMP2021_028_BURANO-900px.png\" class=\"attachment-full size-full wp-image-860\" alt=\"\" srcset=\"https:\/\/www.sanmarcopads.it\/wp-content\/uploads\/2024\/06\/SMP2021_028_BURANO-900px.png 900w, https:\/\/www.sanmarcopads.it\/wp-content\/uploads\/2024\/06\/SMP2021_028_BURANO-900px-300x240.png 300w, https:\/\/www.sanmarcopads.it\/wp-content\/uploads\/2024\/06\/SMP2021_028_BURANO-900px-768x614.png 768w\" sizes=\"(max-width: 900px) 100vw, 900px\" \/>\t\t\t\t\t\t\t\t\t\t\t\t\t\t\t<\/div>\n\t\t\t\t<\/div>\n\t\t\t\t<\/div>\n\t\t\t\t\t<\/div>\n\t\t\t\t<\/div>\n\t\t<div class=\"elementor-element elementor-element-d63efbe e-flex e-con-boxed e-con e-parent\" data-id=\"d63efbe\" data-element_type=\"container\" data-e-type=\"container\">\n\t\t\t\t\t<div class=\"e-con-inner\">\n\t\t\t\t<div class=\"elementor-element elementor-element-da0a83b elementor-widget elementor-widget-spacer\" data-id=\"da0a83b\" data-element_type=\"widget\" data-e-type=\"widget\" data-widget_type=\"spacer.default\">\n\t\t\t\t<div class=\"elementor-widget-container\">\n\t\t\t\t\t\t\t<div class=\"elementor-spacer\">\n\t\t\t<div class=\"elementor-spacer-inner\"><\/div>\n\t\t<\/div>\n\t\t\t\t\t\t<\/div>\n\t\t\t\t<\/div>\n\t\t\t\t<div class=\"elementor-element elementor-element-e26499d elementor-widget elementor-widget-heading\" data-id=\"e26499d\" data-element_type=\"widget\" data-e-type=\"widget\" data-widget_type=\"heading.default\">\n\t\t\t\t<div class=\"elementor-widget-container\">\n\t\t\t\t\t<h2 class=\"elementor-heading-title elementor-size-default\">TECNOLOG\u00cdA<\/h2>\t\t\t\t<\/div>\n\t\t\t\t<\/div>\n\t\t<div class=\"elementor-element elementor-element-57cea74 e-grid e-con-full e-con e-child\" data-id=\"57cea74\" data-element_type=\"container\" data-e-type=\"container\">\n\t\t\t\t<div class=\"elementor-element elementor-element-15d5905 elementor-widget elementor-widget-text-editor\" data-id=\"15d5905\" data-element_type=\"widget\" data-e-type=\"widget\" data-widget_type=\"text-editor.default\">\n\t\t\t\t<div class=\"elementor-widget-container\">\n\t\t\t\t\t\t\t\t\t<p><span style=\"white-space-collapse: preserve;\">Las badanas de triatl\u00f3n satisfacen las exigencias y caracter\u00edsticas que cada triatleta necesita para afrontar largas competiciones divididas entre ciclismo, carrera a pie y nataci\u00f3n. Los materiales utilizados son extremadamente transpirables y favorecen un secado r\u00e1pido del producto. Su forma ergon\u00f3mica tiene como objetivo eliminar cualquier molestia para el deportista. <br \/><\/span><\/p><div>\u00a0<\/div>\t\t\t\t\t\t\t\t<\/div>\n\t\t\t\t<\/div>\n\t\t\t\t<div class=\"elementor-element elementor-element-d02a2fc elementor-widget elementor-widget-image\" data-id=\"d02a2fc\" data-element_type=\"widget\" data-e-type=\"widget\" data-widget_type=\"image.default\">\n\t\t\t\t<div class=\"elementor-widget-container\">\n\t\t\t\t\t\t\t\t\t\t\t\t\t\t\t<img decoding=\"async\" width=\"800\" height=\"408\" src=\"https:\/\/www.sanmarcopads.it\/wp-content\/uploads\/2024\/07\/SMP2021_039_BURANO-W-e1719819533423-1024x522.png\" class=\"attachment-large size-large wp-image-1654\" alt=\"\" srcset=\"https:\/\/www.sanmarcopads.it\/wp-content\/uploads\/2024\/07\/SMP2021_039_BURANO-W-e1719819533423-1024x522.png 1024w, https:\/\/www.sanmarcopads.it\/wp-content\/uploads\/2024\/07\/SMP2021_039_BURANO-W-e1719819533423-300x153.png 300w, https:\/\/www.sanmarcopads.it\/wp-content\/uploads\/2024\/07\/SMP2021_039_BURANO-W-e1719819533423-768x392.png 768w, https:\/\/www.sanmarcopads.it\/wp-content\/uploads\/2024\/07\/SMP2021_039_BURANO-W-e1719819533423-1536x783.png 1536w, https:\/\/www.sanmarcopads.it\/wp-content\/uploads\/2024\/07\/SMP2021_039_BURANO-W-e1719819533423-18x9.png 18w, https:\/\/www.sanmarcopads.it\/wp-content\/uploads\/2024\/07\/SMP2021_039_BURANO-W-e1719819533423.png 1920w\" sizes=\"(max-width: 800px) 100vw, 800px\" \/>\t\t\t\t\t\t\t\t\t\t\t\t\t\t\t<\/div>\n\t\t\t\t<\/div>\n\t\t\t\t<\/div>\n\t\t\t\t<div class=\"elementor-element elementor-element-3764b5c elementor-widget elementor-widget-spacer\" data-id=\"3764b5c\" data-element_type=\"widget\" data-e-type=\"widget\" data-widget_type=\"spacer.default\">\n\t\t\t\t<div class=\"elementor-widget-container\">\n\t\t\t\t\t\t\t<div class=\"elementor-spacer\">\n\t\t\t<div class=\"elementor-spacer-inner\"><\/div>\n\t\t<\/div>\n\t\t\t\t\t\t<\/div>\n\t\t\t\t<\/div>\n\t\t\t\t\t<\/div>\n\t\t\t\t<\/div>\n\t\t<div class=\"elementor-element elementor-element-c53e2e4 e-flex e-con-boxed e-con e-parent\" data-id=\"c53e2e4\" data-element_type=\"container\" data-e-type=\"container\" data-settings=\"{&quot;background_background&quot;:&quot;classic&quot;,&quot;background_motion_fx_motion_fx_scrolling&quot;:&quot;yes&quot;,&quot;background_motion_fx_translateY_effect&quot;:&quot;yes&quot;,&quot;background_motion_fx_translateY_speed&quot;:{&quot;unit&quot;:&quot;px&quot;,&quot;size&quot;:4.9,&quot;sizes&quot;:[]},&quot;background_motion_fx_translateY_affectedRange&quot;:{&quot;unit&quot;:&quot;%&quot;,&quot;size&quot;:&quot;&quot;,&quot;sizes&quot;:{&quot;start&quot;:0,&quot;end&quot;:100}},&quot;background_motion_fx_devices&quot;:[&quot;desktop&quot;,&quot;tablet&quot;,&quot;mobile&quot;]}\">\n\t\t\t\t\t<div class=\"e-con-inner\">\n\t\t\t\t<div class=\"elementor-element elementor-element-e61e837 elementor-widget elementor-widget-heading\" data-id=\"e61e837\" data-element_type=\"widget\" data-e-type=\"widget\" data-widget_type=\"heading.default\">\n\t\t\t\t<div class=\"elementor-widget-container\">\n\t\t\t\t\t<h2 class=\"elementor-heading-title elementor-size-default\">PERSONALIZACI\u00d3N<\/h2>\t\t\t\t<\/div>\n\t\t\t\t<\/div>\n\t\t\t\t<div class=\"elementor-element elementor-element-b508852 elementor-widget elementor-widget-text-editor\" data-id=\"b508852\" data-element_type=\"widget\" data-e-type=\"widget\" data-widget_type=\"text-editor.default\">\n\t\t\t\t<div class=\"elementor-widget-container\">\n\t\t\t\t\t\t\t\t\t<h3>\u00bfQuieres personalizar tu badana con un gr\u00e1fico en particular? \u00a1Es posible!<\/h3><p>Gracias a la alta calidad de los materiales y de la mano de obra, es posible imprimir tu badana con cualquier tipo de color y dise\u00f1o.<\/p><p>\u00a1Cont\u00e1ctenos para m\u00e1s informaci\u00f3n!<\/p>\t\t\t\t\t\t\t\t<\/div>\n\t\t\t\t<\/div>\n\t\t\t\t\t<\/div>\n\t\t\t\t<\/div>\n\t\t<div class=\"elementor-element elementor-element-5260df4 e-flex e-con-boxed e-con e-parent\" data-id=\"5260df4\" data-element_type=\"container\" data-e-type=\"container\">\n\t\t\t\t\t<div class=\"e-con-inner\">\n\t\t\t\t<div class=\"elementor-element elementor-element-8937154 elementor-widget elementor-widget-spacer\" data-id=\"8937154\" data-element_type=\"widget\" data-e-type=\"widget\" data-widget_type=\"spacer.default\">\n\t\t\t\t<div class=\"elementor-widget-container\">\n\t\t\t\t\t\t\t<div class=\"elementor-spacer\">\n\t\t\t<div class=\"elementor-spacer-inner\"><\/div>\n\t\t<\/div>\n\t\t\t\t\t\t<\/div>\n\t\t\t\t<\/div>\n\t\t<div class=\"elementor-element elementor-element-6b69716 e-grid e-con-full e-con e-child\" data-id=\"6b69716\" data-element_type=\"container\" data-e-type=\"container\">\n\t\t<div class=\"elementor-element elementor-element-64bd470 e-flex e-con-boxed e-con e-child\" data-id=\"64bd470\" data-element_type=\"container\" data-e-type=\"container\">\n\t\t\t\t\t<div class=\"e-con-inner\">\n\t\t\t\t<div class=\"elementor-element elementor-element-1969ba2 elementor-widget elementor-widget-image\" data-id=\"1969ba2\" data-element_type=\"widget\" data-e-type=\"widget\" data-widget_type=\"image.default\">\n\t\t\t\t<div class=\"elementor-widget-container\">\n\t\t\t\t\t\t\t\t\t\t\t\t\t\t\t<img decoding=\"async\" width=\"768\" height=\"768\" src=\"https:\/\/www.sanmarcopads.it\/wp-content\/uploads\/2024\/06\/CC10-10847a-768x768.png\" class=\"attachment-medium_large size-medium_large wp-image-841\" alt=\"\" srcset=\"https:\/\/www.sanmarcopads.it\/wp-content\/uploads\/2024\/06\/CC10-10847a-768x768.png 768w, https:\/\/www.sanmarcopads.it\/wp-content\/uploads\/2024\/06\/CC10-10847a-300x300.png 300w, https:\/\/www.sanmarcopads.it\/wp-content\/uploads\/2024\/06\/CC10-10847a-150x150.png 150w, https:\/\/www.sanmarcopads.it\/wp-content\/uploads\/2024\/06\/CC10-10847a.png 900w\" sizes=\"(max-width: 768px) 100vw, 768px\" \/>\t\t\t\t\t\t\t\t\t\t\t\t\t\t\t<\/div>\n\t\t\t\t<\/div>\n\t\t\t\t\t<\/div>\n\t\t\t\t<\/div>\n\t\t<div class=\"elementor-element elementor-element-7d2e9e0 e-flex e-con-boxed e-con e-child\" data-id=\"7d2e9e0\" data-element_type=\"container\" data-e-type=\"container\">\n\t\t\t\t\t<div class=\"e-con-inner\">\n\t\t\t\t<div class=\"elementor-element elementor-element-badd17b elementor-widget elementor-widget-image\" data-id=\"badd17b\" data-element_type=\"widget\" data-e-type=\"widget\" data-widget_type=\"image.default\">\n\t\t\t\t<div class=\"elementor-widget-container\">\n\t\t\t\t\t\t\t\t\t\t\t\t\t\t\t<img loading=\"lazy\" decoding=\"async\" width=\"800\" height=\"800\" src=\"https:\/\/www.sanmarcopads.it\/wp-content\/uploads\/2024\/06\/CC10-10849a.png\" class=\"attachment-large size-large wp-image-842\" alt=\"\" srcset=\"https:\/\/www.sanmarcopads.it\/wp-content\/uploads\/2024\/06\/CC10-10849a.png 900w, https:\/\/www.sanmarcopads.it\/wp-content\/uploads\/2024\/06\/CC10-10849a-300x300.png 300w, https:\/\/www.sanmarcopads.it\/wp-content\/uploads\/2024\/06\/CC10-10849a-150x150.png 150w, https:\/\/www.sanmarcopads.it\/wp-content\/uploads\/2024\/06\/CC10-10849a-768x768.png 768w\" sizes=\"(max-width: 800px) 100vw, 800px\" \/>\t\t\t\t\t\t\t\t\t\t\t\t\t\t\t<\/div>\n\t\t\t\t<\/div>\n\t\t\t\t\t<\/div>\n\t\t\t\t<\/div>\n\t\t<div class=\"elementor-element elementor-element-c9bc0e1 e-flex e-con-boxed e-con e-child\" data-id=\"c9bc0e1\" data-element_type=\"container\" data-e-type=\"container\">\n\t\t\t\t\t<div class=\"e-con-inner\">\n\t\t\t\t<div class=\"elementor-element elementor-element-04aa8ce elementor-widget elementor-widget-image\" data-id=\"04aa8ce\" data-element_type=\"widget\" data-e-type=\"widget\" data-widget_type=\"image.default\">\n\t\t\t\t<div class=\"elementor-widget-container\">\n\t\t\t\t\t\t\t\t\t\t\t\t\t\t\t<img loading=\"lazy\" decoding=\"async\" width=\"800\" height=\"800\" src=\"https:\/\/www.sanmarcopads.it\/wp-content\/uploads\/2024\/06\/CC10-10846a.png\" class=\"attachment-large size-large wp-image-844\" alt=\"\" srcset=\"https:\/\/www.sanmarcopads.it\/wp-content\/uploads\/2024\/06\/CC10-10846a.png 900w, https:\/\/www.sanmarcopads.it\/wp-content\/uploads\/2024\/06\/CC10-10846a-300x300.png 300w, https:\/\/www.sanmarcopads.it\/wp-content\/uploads\/2024\/06\/CC10-10846a-150x150.png 150w, https:\/\/www.sanmarcopads.it\/wp-content\/uploads\/2024\/06\/CC10-10846a-768x768.png 768w\" sizes=\"(max-width: 800px) 100vw, 800px\" \/>\t\t\t\t\t\t\t\t\t\t\t\t\t\t\t<\/div>\n\t\t\t\t<\/div>\n\t\t\t\t\t<\/div>\n\t\t\t\t<\/div>\n\t\t\t\t<div class=\"elementor-element elementor-element-48a9230 elementor-widget elementor-widget-image\" data-id=\"48a9230\" data-element_type=\"widget\" data-e-type=\"widget\" data-widget_type=\"image.default\">\n\t\t\t\t<div class=\"elementor-widget-container\">\n\t\t\t\t\t\t\t\t\t\t\t\t\t\t\t<img loading=\"lazy\" decoding=\"async\" width=\"800\" height=\"800\" src=\"https:\/\/www.sanmarcopads.it\/wp-content\/uploads\/2024\/06\/CC10-10844a.png\" class=\"attachment-large size-large wp-image-843\" alt=\"\" srcset=\"https:\/\/www.sanmarcopads.it\/wp-content\/uploads\/2024\/06\/CC10-10844a.png 900w, https:\/\/www.sanmarcopads.it\/wp-content\/uploads\/2024\/06\/CC10-10844a-300x300.png 300w, https:\/\/www.sanmarcopads.it\/wp-content\/uploads\/2024\/06\/CC10-10844a-150x150.png 150w, https:\/\/www.sanmarcopads.it\/wp-content\/uploads\/2024\/06\/CC10-10844a-768x768.png 768w\" sizes=\"(max-width: 800px) 100vw, 800px\" \/>\t\t\t\t\t\t\t\t\t\t\t\t\t\t\t<\/div>\n\t\t\t\t<\/div>\n\t\t\t\t<\/div>\n\t\t\t\t<div class=\"elementor-element elementor-element-b88dfbe elementor-widget elementor-widget-spacer\" data-id=\"b88dfbe\" data-element_type=\"widget\" data-e-type=\"widget\" data-widget_type=\"spacer.default\">\n\t\t\t\t<div class=\"elementor-widget-container\">\n\t\t\t\t\t\t\t<div class=\"elementor-spacer\">\n\t\t\t<div class=\"elementor-spacer-inner\"><\/div>\n\t\t<\/div>\n\t\t\t\t\t\t<\/div>\n\t\t\t\t<\/div>\n\t\t\t\t<div class=\"elementor-element elementor-element-55a89d4 elementor-widget elementor-widget-spacer\" data-id=\"55a89d4\" data-element_type=\"widget\" data-e-type=\"widget\" data-widget_type=\"spacer.default\">\n\t\t\t\t<div class=\"elementor-widget-container\">\n\t\t\t\t\t\t\t<div class=\"elementor-spacer\">\n\t\t\t<div class=\"elementor-spacer-inner\"><\/div>\n\t\t<\/div>\n\t\t\t\t\t\t<\/div>\n\t\t\t\t<\/div>\n\t\t\t\t\t<\/div>\n\t\t\t\t<\/div>\n\t\t<div class=\"elementor-element elementor-element-f581742 e-flex e-con-boxed e-con e-parent\" data-id=\"f581742\" data-element_type=\"container\" data-e-type=\"container\" data-settings=\"{&quot;background_background&quot;:&quot;gradient&quot;}\">\n\t\t\t\t\t<div class=\"e-con-inner\">\n\t\t\t\t<div class=\"elementor-element elementor-element-47d64e3 elementor-widget elementor-widget-heading\" data-id=\"47d64e3\" data-element_type=\"widget\" data-e-type=\"widget\" data-widget_type=\"heading.default\">\n\t\t\t\t<div class=\"elementor-widget-container\">\n\t\t\t\t\t<h1 class=\"elementor-heading-title elementor-size-default\">Contactos<\/h1>\t\t\t\t<\/div>\n\t\t\t\t<\/div>\n\t\t\t\t<div class=\"elementor-element elementor-element-1745754 eael-contact-form-7-button-full-width elementor-widget elementor-widget-eael-contact-form-7\" data-id=\"1745754\" data-element_type=\"widget\" data-e-type=\"widget\" data-widget_type=\"eael-contact-form-7.default\">\n\t\t\t\t<div class=\"elementor-widget-container\">\n\t\t\t\t\t<div class=\"eael-contact-form-7-wrapper\">\n                <div class=\"eael-contact-form eael-contact-form-7 eael-contact-form-1745754 eael-contact-form-align-center\">\n<div class=\"wpcf7 no-js\" id=\"wpcf7-f1729-o1\" lang=\"en-US\" dir=\"ltr\">\n<div class=\"screen-reader-response\"><p role=\"status\" aria-live=\"polite\" aria-atomic=\"true\"><\/p> <ul><\/ul><\/div>\n<form action=\"\/es\/wp-json\/wp\/v2\/pages\/1475#wpcf7-f1729-o1\" method=\"post\" class=\"wpcf7-form init\" aria-label=\"Contact form\" novalidate=\"novalidate\" data-status=\"init\" data-trp-original-action=\"\/es\/wp-json\/wp\/v2\/pages\/1475#wpcf7-f1729-o1\">\n<div style=\"display: none;\">\n<input type=\"hidden\" name=\"_wpcf7\" value=\"1729\" \/>\n<input type=\"hidden\" name=\"_wpcf7_version\" value=\"5.9.6\" \/>\n<input type=\"hidden\" name=\"_wpcf7_locale\" value=\"en_US\" \/>\n<input type=\"hidden\" name=\"_wpcf7_unit_tag\" value=\"wpcf7-f1729-o1\" \/>\n<input type=\"hidden\" name=\"_wpcf7_container_post\" value=\"0\" \/>\n<input type=\"hidden\" name=\"_wpcf7_posted_data_hash\" value=\"\" \/>\n<input type=\"hidden\" name=\"_wpcf7_recaptcha_response\" value=\"\" \/>\n<\/div>\n<p><label> Name<br \/>\n<span class=\"wpcf7-form-control-wrap\" data-name=\"your-name\"><input size=\"40\" maxlength=\"80\" class=\"wpcf7-form-control wpcf7-text wpcf7-validates-as-required\" autocomplete=\"name\" aria-required=\"true\" aria-invalid=\"false\" value=\"\" type=\"text\" name=\"your-name\" \/><\/span> <\/label>\n<\/p>\n<p><label> Email<br \/>\n<span class=\"wpcf7-form-control-wrap\" data-name=\"your-email\"><input size=\"40\" maxlength=\"80\" class=\"wpcf7-form-control wpcf7-email wpcf7-validates-as-required wpcf7-text wpcf7-validates-as-email\" autocomplete=\"email\" aria-required=\"true\" aria-invalid=\"false\" value=\"\" type=\"email\" name=\"your-email\" \/><\/span> <\/label>\n<\/p>\n<p><label> Subject<br \/>\n<span class=\"wpcf7-form-control-wrap\" data-name=\"your-subject\"><input size=\"40\" maxlength=\"80\" class=\"wpcf7-form-control wpcf7-text wpcf7-validates-as-required\" aria-required=\"true\" aria-invalid=\"false\" value=\"\" type=\"text\" name=\"your-subject\" \/><\/span> <\/label>\n<\/p>\n<p><label> Message<br \/>\n<span class=\"wpcf7-form-control-wrap\" data-name=\"your-message\"><textarea cols=\"40\" rows=\"10\" maxlength=\"400\" class=\"wpcf7-form-control wpcf7-textarea\" aria-invalid=\"false\" name=\"your-message\"><\/textarea><\/span> <\/label>\n<\/p>\n<p><input class=\"wpcf7-form-control wpcf7-submit has-spinner\" type=\"submit\" value=\"Submit\" \/>\n<\/p><div class=\"wpcf7-response-output\" aria-hidden=\"true\"><\/div>\n<input type=\"hidden\" name=\"trp-form-language\" value=\"es\"\/><\/form>\n<\/div>\n<\/div>\n            <\/div>\t\t\t\t<\/div>\n\t\t\t\t<\/div>\n\t\t\t\t\t<\/div>\n\t\t\t\t<\/div>\n\t\t\t\t<\/div>","protected":false},"excerpt":{"rendered":"<p>Il fondello da triathlon \u201cBurano\u201d presenta una forma ergonomica e slanciata, inoltre l\u2019 ampia zona di appoggio centrale fornisce un supporto affidabile e prolungato nel tempo. I fori nella parte anteriore e posteriore aumentano la traspirabilita\u2019 in maniera notevole, in modo da favorire un\u2019asciugatura rapida .\u00a0\u00a0 BURANO woman BURANO woman Il fondello da triathlon \u201cBurano\u201d [&hellip;]<\/p>","protected":false},"author":2,"featured_media":0,"parent":671,"menu_order":0,"comment_status":"closed","ping_status":"closed","template":"elementor_header_footer","meta":{"footnotes":""},"class_list":["post-1475","page","type-page","status-publish","hentry"],"_links":{"self":[{"href":"https:\/\/www.sanmarcopads.it\/es\/wp-json\/wp\/v2\/pages\/1475","targetHints":{"allow":["GET"]}}],"collection":[{"href":"https:\/\/www.sanmarcopads.it\/es\/wp-json\/wp\/v2\/pages"}],"about":[{"href":"https:\/\/www.sanmarcopads.it\/es\/wp-json\/wp\/v2\/types\/page"}],"author":[{"embeddable":true,"href":"https:\/\/www.sanmarcopads.it\/es\/wp-json\/wp\/v2\/users\/2"}],"replies":[{"embeddable":true,"href":"https:\/\/www.sanmarcopads.it\/es\/wp-json\/wp\/v2\/comments?post=1475"}],"version-history":[{"count":10,"href":"https:\/\/www.sanmarcopads.it\/es\/wp-json\/wp\/v2\/pages\/1475\/revisions"}],"predecessor-version":[{"id":1842,"href":"https:\/\/www.sanmarcopads.it\/es\/wp-json\/wp\/v2\/pages\/1475\/revisions\/1842"}],"up":[{"embeddable":true,"href":"https:\/\/www.sanmarcopads.it\/es\/wp-json\/wp\/v2\/pages\/671"}],"wp:attachment":[{"href":"https:\/\/www.sanmarcopads.it\/es\/wp-json\/wp\/v2\/media?parent=1475"}],"curies":[{"name":"wp","href":"https:\/\/api.w.org\/{rel}","templated":true}]}}