{"id":661,"date":"2024-06-08T14:28:54","date_gmt":"2024-06-08T14:28:54","guid":{"rendered":"https:\/\/test.sanmarcopads.it\/?page_id=661"},"modified":"2024-07-01T15:50:08","modified_gmt":"2024-07-01T15:50:08","slug":"tecnologia","status":"publish","type":"page","link":"https:\/\/www.sanmarcopads.it\/es\/tecnologia\/","title":{"rendered":"TECNOLOG\u00cdA"},"content":{"rendered":"<div data-elementor-type=\"wp-page\" data-elementor-id=\"661\" class=\"elementor elementor-661\" data-elementor-post-type=\"page\">\n\t\t\t\t<div class=\"elementor-element elementor-element-6c477b12 e-flex e-con-boxed e-con e-parent\" data-id=\"6c477b12\" data-element_type=\"container\" data-e-type=\"container\" data-settings=\"{&quot;background_background&quot;:&quot;classic&quot;,&quot;background_motion_fx_motion_fx_scrolling&quot;:&quot;yes&quot;,&quot;background_motion_fx_translateY_effect&quot;:&quot;yes&quot;,&quot;background_motion_fx_translateY_direction&quot;:&quot;negative&quot;,&quot;background_motion_fx_translateY_speed&quot;:{&quot;unit&quot;:&quot;px&quot;,&quot;size&quot;:10,&quot;sizes&quot;:[]},&quot;background_motion_fx_translateY_affectedRange&quot;:{&quot;unit&quot;:&quot;%&quot;,&quot;size&quot;:&quot;&quot;,&quot;sizes&quot;:{&quot;start&quot;:19,&quot;end&quot;:100}},&quot;background_motion_fx_devices&quot;:[&quot;desktop&quot;,&quot;tablet&quot;,&quot;mobile&quot;]}\">\n\t\t\t\t\t<div class=\"e-con-inner\">\n\t\t\t\t<div class=\"elementor-element elementor-element-6606cad3 elementor-widget elementor-widget-heading\" data-id=\"6606cad3\" data-element_type=\"widget\" data-e-type=\"widget\" data-widget_type=\"heading.default\">\n\t\t\t\t<div class=\"elementor-widget-container\">\n\t\t\t\t\t<h1 class=\"elementor-heading-title elementor-size-default\">TECNOLOG\u00cdA<\/h1>\t\t\t\t<\/div>\n\t\t\t\t<\/div>\n\t\t\t\t<div class=\"elementor-element elementor-element-6bd42f6a elementor-widget elementor-widget-text-editor\" data-id=\"6bd42f6a\" data-element_type=\"widget\" data-e-type=\"widget\" data-widget_type=\"text-editor.default\">\n\t\t\t\t<div class=\"elementor-widget-container\">\n\t\t\t\t\t\t\t\t\t<p class=\" translation-block\">Gracias a nuestra tecnolog\u00eda de \"shaped edges\", las distintas gamas de productos tienen un espesor diferenciado que ofrece un considerable apoyo en las zonas de presi\u00f3n, manteniendo el resto de la badana suave y el\u00e1stica.<\/p>\t\t\t\t\t\t\t\t<\/div>\n\t\t\t\t<\/div>\n\t\t\t\t\t<\/div>\n\t\t\t\t<\/div>\n\t\t<div class=\"elementor-element elementor-element-9b0072c e-flex e-con-boxed e-con e-parent\" data-id=\"9b0072c\" data-element_type=\"container\" data-e-type=\"container\">\n\t\t\t\t\t<div class=\"e-con-inner\">\n\t\t\t\t<div class=\"elementor-element elementor-element-dd6b964 elementor-widget elementor-widget-spacer\" data-id=\"dd6b964\" data-element_type=\"widget\" data-e-type=\"widget\" data-widget_type=\"spacer.default\">\n\t\t\t\t<div class=\"elementor-widget-container\">\n\t\t\t\t\t\t\t<div class=\"elementor-spacer\">\n\t\t\t<div class=\"elementor-spacer-inner\"><\/div>\n\t\t<\/div>\n\t\t\t\t\t\t<\/div>\n\t\t\t\t<\/div>\n\t\t\t\t<div class=\"elementor-element elementor-element-2bcace1 elementor-widget elementor-widget-text-editor\" data-id=\"2bcace1\" data-element_type=\"widget\" data-e-type=\"widget\" data-widget_type=\"text-editor.default\">\n\t\t\t\t<div class=\"elementor-widget-container\">\n\t\t\t\t\t\t\t\t\t<p><span data-contrast=\"auto\">Andar en bicicleta es un placer, pero a menudo la pr\u00e1ctica choca con dolores y molestias en la zona isqui\u00e1tica.<\/span><span data-ccp-props=\"{&quot;201341983&quot;:0,&quot;335559739&quot;:200,&quot;335559740&quot;:276}\">&nbsp;<\/span><\/p>\n<p><span data-ccp-props=\"{&quot;201341983&quot;:0,&quot;335559739&quot;:200,&quot;335559740&quot;:276}\">&nbsp;<\/span><\/p>\n<p class=\" translation-block\">Nuestros estudios y muchos a\u00f1os de experiencia en el sector nos han llevado a desarrollar la tecnolog\u00eda SMP3, que es un laminado formado por 3 espumas de poliuretano reticuladas de diferentes densidades y espesores. Estas se unen mediante un proceso de pegamiento PUR con una textura de micro puntos que permite una transpiraci\u00f3n completa entre las capas del laminado.<\/p>\n<p><span data-contrast=\"auto\">La triple interfaz entre materiales de diferentes densidades garantiza la mejor absorci\u00f3n de vibraciones durante el pedaleo, junto con el m\u00e1ximo retorno el\u00e1stico de las espumas entre el sill\u00edn y los gl\u00fateos para no disipar el esfuerzo aplicado por el ciclista.<\/span><span data-ccp-props=\"{&quot;201341983&quot;:0,&quot;335559739&quot;:200,&quot;335559740&quot;:276}\">&nbsp;<\/span><\/p>\n<p><span data-ccp-props=\"{&quot;201341983&quot;:0,&quot;335559739&quot;:200,&quot;335559740&quot;:276}\">&nbsp;<\/span><\/p>\n<p><span data-contrast=\"auto\">Esta tecnolog\u00eda tambi\u00e9n est\u00e1 disponible en diferentes combinaciones de materiales, denominadas SMP2 y SMP1.<\/span><span data-ccp-props=\"{&quot;201341983&quot;:0,&quot;335559739&quot;:200,&quot;335559740&quot;:276}\">&nbsp;<\/span><\/p>\t\t\t\t\t\t\t\t<\/div>\n\t\t\t\t<\/div>\n\t\t\t\t\t<\/div>\n\t\t\t\t<\/div>\n\t\t<div class=\"elementor-element elementor-element-714bc6fa e-flex e-con-boxed e-con e-parent\" data-id=\"714bc6fa\" data-element_type=\"container\" data-e-type=\"container\">\n\t\t\t\t\t<div class=\"e-con-inner\">\n\t\t\t\t<div class=\"elementor-element elementor-element-6193083 elementor-widget elementor-widget-spacer\" data-id=\"6193083\" data-element_type=\"widget\" data-e-type=\"widget\" data-widget_type=\"spacer.default\">\n\t\t\t\t<div class=\"elementor-widget-container\">\n\t\t\t\t\t\t\t<div class=\"elementor-spacer\">\n\t\t\t<div class=\"elementor-spacer-inner\"><\/div>\n\t\t<\/div>\n\t\t\t\t\t\t<\/div>\n\t\t\t\t<\/div>\n\t\t<div class=\"elementor-element elementor-element-aca1f5 e-grid e-con-full e-con e-child\" data-id=\"aca1f5\" data-element_type=\"container\" data-e-type=\"container\">\n\t\t<div class=\"elementor-element elementor-element-1675d806 e-flex e-con-boxed e-con e-child\" data-id=\"1675d806\" data-element_type=\"container\" data-e-type=\"container\">\n\t\t\t\t\t<div class=\"e-con-inner\">\n\t\t\t\t<div class=\"elementor-element elementor-element-9bdb815 elementor-position-top elementor-widget elementor-widget-image-box\" data-id=\"9bdb815\" data-element_type=\"widget\" data-e-type=\"widget\" data-widget_type=\"image-box.default\">\n\t\t\t\t<div class=\"elementor-widget-container\">\n\t\t\t\t\t<div class=\"elementor-image-box-wrapper\"><figure class=\"elementor-image-box-img\"><img fetchpriority=\"high\" decoding=\"async\" width=\"1920\" height=\"1920\" src=\"https:\/\/www.sanmarcopads.it\/wp-content\/uploads\/2024\/06\/2021-SMP-smp3.jpg\" class=\"attachment-full size-full wp-image-651\" alt=\"\" srcset=\"https:\/\/www.sanmarcopads.it\/wp-content\/uploads\/2024\/06\/2021-SMP-smp3.jpg 1920w, https:\/\/www.sanmarcopads.it\/wp-content\/uploads\/2024\/06\/2021-SMP-smp3-300x300.jpg 300w, https:\/\/www.sanmarcopads.it\/wp-content\/uploads\/2024\/06\/2021-SMP-smp3-1024x1024.jpg 1024w, https:\/\/www.sanmarcopads.it\/wp-content\/uploads\/2024\/06\/2021-SMP-smp3-150x150.jpg 150w, https:\/\/www.sanmarcopads.it\/wp-content\/uploads\/2024\/06\/2021-SMP-smp3-768x768.jpg 768w, https:\/\/www.sanmarcopads.it\/wp-content\/uploads\/2024\/06\/2021-SMP-smp3-1536x1536.jpg 1536w\" sizes=\"(max-width: 1920px) 100vw, 1920px\" \/><\/figure><div class=\"elementor-image-box-content\"><h3 class=\"elementor-image-box-title\">SMP3<\/h3><p class=\"elementor-image-box-description\">La triple interfaz entre materiales de diferentes densidades garantiza la mejor absorci\u00f3n de vibraciones durante el pedaleo, junto con el m\u00e1ximo retorno el\u00e1stico de las espumas entre el sill\u00edn y los gl\u00fateos para no disipar el esfuerzo aplicado por el ciclista.<\/p><\/div><\/div>\t\t\t\t<\/div>\n\t\t\t\t<\/div>\n\t\t\t\t<div class=\"elementor-element elementor-element-91b424f elementor-widget__width-inherit elementor-widget elementor-widget-progress\" data-id=\"91b424f\" data-element_type=\"widget\" data-e-type=\"widget\" data-widget_type=\"progress.default\">\n\t\t\t\t<div class=\"elementor-widget-container\">\n\t\t\t\t\t\t\t\t<span class=\"elementor-title\" id=\"elementor-progress-bar-91b424f\">\n\t\t\t\tduraci\u00f3n\t\t\t<\/span>\n\t\t\n\t\t<div aria-labelledby=\"elementor-progress-bar-91b424f\" class=\"elementor-progress-wrapper\" role=\"progressbar\" aria-valuemin=\"0\" aria-valuemax=\"100\" aria-valuenow=\"100\" aria-valuetext=\"100% (10 H)\">\n\t\t\t<div class=\"elementor-progress-bar\" data-max=\"100\">\n\t\t\t\t<span class=\"elementor-progress-text\">10 H<\/span>\n\t\t\t\t\t\t\t<\/div>\n\t\t<\/div>\n\t\t\t\t\t\t<\/div>\n\t\t\t\t<\/div>\n\t\t\t\t\t<\/div>\n\t\t\t\t<\/div>\n\t\t<div class=\"elementor-element elementor-element-560c3c1c e-flex e-con-boxed e-con e-child\" data-id=\"560c3c1c\" data-element_type=\"container\" data-e-type=\"container\">\n\t\t\t\t\t<div class=\"e-con-inner\">\n\t\t\t\t<div class=\"elementor-element elementor-element-74e5d77b elementor-position-top elementor-widget elementor-widget-image-box\" data-id=\"74e5d77b\" data-element_type=\"widget\" data-e-type=\"widget\" data-widget_type=\"image-box.default\">\n\t\t\t\t<div class=\"elementor-widget-container\">\n\t\t\t\t\t<div class=\"elementor-image-box-wrapper\"><figure class=\"elementor-image-box-img\"><img decoding=\"async\" width=\"960\" height=\"960\" src=\"https:\/\/www.sanmarcopads.it\/wp-content\/uploads\/2024\/06\/IMG_6540-smp2.jpg\" class=\"attachment-full size-full wp-image-654\" alt=\"\" srcset=\"https:\/\/www.sanmarcopads.it\/wp-content\/uploads\/2024\/06\/IMG_6540-smp2.jpg 960w, https:\/\/www.sanmarcopads.it\/wp-content\/uploads\/2024\/06\/IMG_6540-smp2-300x300.jpg 300w, https:\/\/www.sanmarcopads.it\/wp-content\/uploads\/2024\/06\/IMG_6540-smp2-150x150.jpg 150w, https:\/\/www.sanmarcopads.it\/wp-content\/uploads\/2024\/06\/IMG_6540-smp2-768x768.jpg 768w\" sizes=\"(max-width: 960px) 100vw, 960px\" \/><\/figure><div class=\"elementor-image-box-content\"><h3 class=\"elementor-image-box-title\">SMP2<\/h3><p class=\"elementor-image-box-description\">La doble interfaz entre materiales de diferentes densidades y espesores ofrece un mayor confort que las almohadillas tradicionales gracias a la absorci\u00f3n de las vibraciones durante el pedaleo y a la excelente resiliencia de las espumas de poliuretano presentes.<\/p><\/div><\/div>\t\t\t\t<\/div>\n\t\t\t\t<\/div>\n\t\t\t\t<div class=\"elementor-element elementor-element-3e74595a elementor-widget__width-inherit elementor-widget elementor-widget-progress\" data-id=\"3e74595a\" data-element_type=\"widget\" data-e-type=\"widget\" data-widget_type=\"progress.default\">\n\t\t\t\t<div class=\"elementor-widget-container\">\n\t\t\t\t\t\t\t\t<span class=\"elementor-title\" id=\"elementor-progress-bar-3e74595a\">\n\t\t\t\tduraci\u00f3n\t\t\t<\/span>\n\t\t\n\t\t<div aria-labelledby=\"elementor-progress-bar-3e74595a\" class=\"elementor-progress-wrapper\" role=\"progressbar\" aria-valuemin=\"0\" aria-valuemax=\"100\" aria-valuenow=\"50\" aria-valuetext=\"50% (6 H)\">\n\t\t\t<div class=\"elementor-progress-bar\" data-max=\"50\">\n\t\t\t\t<span class=\"elementor-progress-text\">6 H<\/span>\n\t\t\t\t\t\t\t<\/div>\n\t\t<\/div>\n\t\t\t\t\t\t<\/div>\n\t\t\t\t<\/div>\n\t\t\t\t\t<\/div>\n\t\t\t\t<\/div>\n\t\t<div class=\"elementor-element elementor-element-5b3a2716 e-flex e-con-boxed e-con e-child\" data-id=\"5b3a2716\" data-element_type=\"container\" data-e-type=\"container\">\n\t\t\t\t\t<div class=\"e-con-inner\">\n\t\t\t\t<div class=\"elementor-element elementor-element-20f6ed4 elementor-position-top elementor-widget elementor-widget-image-box\" data-id=\"20f6ed4\" data-element_type=\"widget\" data-e-type=\"widget\" data-widget_type=\"image-box.default\">\n\t\t\t\t<div class=\"elementor-widget-container\">\n\t\t\t\t\t<div class=\"elementor-image-box-wrapper\"><figure class=\"elementor-image-box-img\"><img decoding=\"async\" width=\"510\" height=\"510\" src=\"https:\/\/www.sanmarcopads.it\/wp-content\/uploads\/2024\/06\/IMG_6534-smp1.jpg\" class=\"attachment-full size-full wp-image-653\" alt=\"\" srcset=\"https:\/\/www.sanmarcopads.it\/wp-content\/uploads\/2024\/06\/IMG_6534-smp1.jpg 510w, https:\/\/www.sanmarcopads.it\/wp-content\/uploads\/2024\/06\/IMG_6534-smp1-300x300.jpg 300w, https:\/\/www.sanmarcopads.it\/wp-content\/uploads\/2024\/06\/IMG_6534-smp1-150x150.jpg 150w\" sizes=\"(max-width: 510px) 100vw, 510px\" \/><\/figure><div class=\"elementor-image-box-content\"><h3 class=\"elementor-image-box-title\">SMP1<\/h3><p class=\"elementor-image-box-description\">Esta gama de productos presenta una construcci\u00f3n caracterizada por una sola capa de espuma de poliuretano, adecuada para trayectos cortos. Su composici\u00f3n permite que la almohadilla sea suave, el\u00e1stica y m\u00e1s gruesa en los puntos de presi\u00f3n.<\/p><\/div><\/div>\t\t\t\t<\/div>\n\t\t\t\t<\/div>\n\t\t\t\t<div class=\"elementor-element elementor-element-170044de elementor-widget__width-inherit elementor-widget elementor-widget-progress\" data-id=\"170044de\" data-element_type=\"widget\" data-e-type=\"widget\" data-widget_type=\"progress.default\">\n\t\t\t\t<div class=\"elementor-widget-container\">\n\t\t\t\t\t\t\t\t<span class=\"elementor-title\" id=\"elementor-progress-bar-170044de\">\n\t\t\t\tduraci\u00f3n\t\t\t<\/span>\n\t\t\n\t\t<div aria-labelledby=\"elementor-progress-bar-170044de\" class=\"elementor-progress-wrapper\" role=\"progressbar\" aria-valuemin=\"0\" aria-valuemax=\"100\" aria-valuenow=\"30\" aria-valuetext=\"30% (3 H)\">\n\t\t\t<div class=\"elementor-progress-bar\" data-max=\"30\">\n\t\t\t\t<span class=\"elementor-progress-text\">3 H<\/span>\n\t\t\t\t\t\t\t<\/div>\n\t\t<\/div>\n\t\t\t\t\t\t<\/div>\n\t\t\t\t<\/div>\n\t\t\t\t\t<\/div>\n\t\t\t\t<\/div>\n\t\t\t\t<\/div>\n\t\t\t\t<div class=\"elementor-element elementor-element-7f921787 elementor-widget elementor-widget-spacer\" data-id=\"7f921787\" data-element_type=\"widget\" data-e-type=\"widget\" data-widget_type=\"spacer.default\">\n\t\t\t\t<div class=\"elementor-widget-container\">\n\t\t\t\t\t\t\t<div class=\"elementor-spacer\">\n\t\t\t<div class=\"elementor-spacer-inner\"><\/div>\n\t\t<\/div>\n\t\t\t\t\t\t<\/div>\n\t\t\t\t<\/div>\n\t\t\t\t\t<\/div>\n\t\t\t\t<\/div>\n\t\t<div class=\"elementor-element elementor-element-084d062 e-con-full e-flex e-con e-parent\" data-id=\"084d062\" data-element_type=\"container\" data-e-type=\"container\">\n\t\t\t\t<div class=\"elementor-element elementor-element-e9cba24 elementor-widget elementor-widget-image\" data-id=\"e9cba24\" data-element_type=\"widget\" data-e-type=\"widget\" data-settings=\"{&quot;motion_fx_motion_fx_scrolling&quot;:&quot;yes&quot;,&quot;motion_fx_translateY_effect&quot;:&quot;yes&quot;,&quot;motion_fx_translateY_speed&quot;:{&quot;unit&quot;:&quot;px&quot;,&quot;size&quot;:2.2,&quot;sizes&quot;:[]},&quot;motion_fx_translateY_affectedRange&quot;:{&quot;unit&quot;:&quot;%&quot;,&quot;size&quot;:&quot;&quot;,&quot;sizes&quot;:{&quot;start&quot;:0,&quot;end&quot;:100}},&quot;motion_fx_devices&quot;:[&quot;desktop&quot;,&quot;tablet&quot;,&quot;mobile&quot;]}\" data-widget_type=\"image.default\">\n\t\t\t\t<div class=\"elementor-widget-container\">\n\t\t\t\t\t\t\t\t\t\t\t\t\t\t\t<img loading=\"lazy\" decoding=\"async\" width=\"2500\" height=\"1253\" src=\"https:\/\/www.sanmarcopads.it\/wp-content\/uploads\/2024\/06\/DSCF9030_smp_tecnologia.jpg\" class=\"attachment-full size-full wp-image-945\" alt=\"\" srcset=\"https:\/\/www.sanmarcopads.it\/wp-content\/uploads\/2024\/06\/DSCF9030_smp_tecnologia.jpg 2500w, https:\/\/www.sanmarcopads.it\/wp-content\/uploads\/2024\/06\/DSCF9030_smp_tecnologia-300x150.jpg 300w, https:\/\/www.sanmarcopads.it\/wp-content\/uploads\/2024\/06\/DSCF9030_smp_tecnologia-1024x513.jpg 1024w, https:\/\/www.sanmarcopads.it\/wp-content\/uploads\/2024\/06\/DSCF9030_smp_tecnologia-768x385.jpg 768w, https:\/\/www.sanmarcopads.it\/wp-content\/uploads\/2024\/06\/DSCF9030_smp_tecnologia-1536x770.jpg 1536w, https:\/\/www.sanmarcopads.it\/wp-content\/uploads\/2024\/06\/DSCF9030_smp_tecnologia-2048x1026.jpg 2048w\" sizes=\"(max-width: 2500px) 100vw, 2500px\" \/>\t\t\t\t\t\t\t\t\t\t\t\t\t\t\t<\/div>\n\t\t\t\t<\/div>\n\t\t\t\t<\/div>\n\t\t<div class=\"elementor-element elementor-element-b34e3d9 e-flex e-con-boxed e-con e-parent\" data-id=\"b34e3d9\" data-element_type=\"container\" data-e-type=\"container\">\n\t\t\t\t\t<div class=\"e-con-inner\">\n\t\t<div class=\"elementor-element elementor-element-4c6b8c1 e-con-full e-flex e-con e-child\" data-id=\"4c6b8c1\" data-element_type=\"container\" data-e-type=\"container\">\n\t\t\t\t<div class=\"elementor-element elementor-element-129b35d elementor-widget elementor-widget-heading\" data-id=\"129b35d\" data-element_type=\"widget\" data-e-type=\"widget\" data-widget_type=\"heading.default\">\n\t\t\t\t<div class=\"elementor-widget-container\">\n\t\t\t\t\t<h2 class=\"elementor-heading-title elementor-size-default\">TEJIDOS<\/h2>\t\t\t\t<\/div>\n\t\t\t\t<\/div>\n\t\t\t\t<\/div>\n\t\t<div class=\"elementor-element elementor-element-b8a30fc e-con-full e-flex e-con e-child\" data-id=\"b8a30fc\" data-element_type=\"container\" data-e-type=\"container\">\n\t\t\t\t<div class=\"elementor-element elementor-element-2fa1e50 elementor-widget elementor-widget-text-editor\" data-id=\"2fa1e50\" data-element_type=\"widget\" data-e-type=\"widget\" data-widget_type=\"text-editor.default\">\n\t\t\t\t<div class=\"elementor-widget-container\">\n\t\t\t\t\t\t\t\t\t<p>Junto con nuestros proveedores hemos desarrollado una gama de tejidos destinados a ofrecer las mejores soluciones t\u00e9cnicas a nuestros clientes. Empezando de las caracter\u00edsticas fundamentales que deben tener todos los materiales en el \u00e0mbito de las badanas, nos enfocamos en eliminar los posibles factores negativos que un ciclista encuentra durante su performance: irritaci\u00f3n, abrasi\u00f3n y poca transpirabilidad. De hecho, nuestros tejidos son el\u00e1sticos y agradables al tacto, incluyen el tratamiento antibacteriano y permiten un secado r\u00e1pido en presencia de humedad. Estas caracter\u00edsticas optimizan el aspecto m\u00e1s importante que un deportista busca en la badana: la comodidad.&nbsp;<\/p><p><br><\/p>\t\t\t\t\t\t\t\t<\/div>\n\t\t\t\t<\/div>\n\t\t\t\t<\/div>\n\t\t\t\t\t<\/div>\n\t\t\t\t<\/div>\n\t\t<div class=\"elementor-element elementor-element-a5d5b51 e-flex e-con-boxed e-con e-parent\" data-id=\"a5d5b51\" data-element_type=\"container\" data-e-type=\"container\">\n\t\t\t\t\t<div class=\"e-con-inner\">\n\t\t<div class=\"elementor-element elementor-element-88e47fd e-con-full e-flex e-con e-child\" data-id=\"88e47fd\" data-element_type=\"container\" data-e-type=\"container\">\n\t\t\t\t<div class=\"elementor-element elementor-element-efcf7d8 elementor-widget elementor-widget-heading\" data-id=\"efcf7d8\" data-element_type=\"widget\" data-e-type=\"widget\" data-widget_type=\"heading.default\">\n\t\t\t\t<div class=\"elementor-widget-container\">\n\t\t\t\t\t<h2 class=\"elementor-heading-title elementor-size-default\">ESPUMAS DE POLIURETANO<\/h2>\t\t\t\t<\/div>\n\t\t\t\t<\/div>\n\t\t\t\t<\/div>\n\t\t<div class=\"elementor-element elementor-element-5d06887 e-con-full e-flex e-con e-child\" data-id=\"5d06887\" data-element_type=\"container\" data-e-type=\"container\">\n\t\t\t\t<div class=\"elementor-element elementor-element-0aff457 elementor-widget elementor-widget-text-editor\" data-id=\"0aff457\" data-element_type=\"widget\" data-e-type=\"widget\" data-widget_type=\"text-editor.default\">\n\t\t\t\t<div class=\"elementor-widget-container\">\n\t\t\t\t\t\t\t\t\t<p>La b\u00fasqueda continua de materiales innovadores nos permite tener una gama de espumas de poliuretano a la vanguardia en cuanto a tecnolog\u00eda y eficiencia. Estos est\u00e1n sujetos a un tratamiento de reticulaci\u00f3n, destinado a hacerlos completamente transpirables y el\u00e1sticos a diferencia de los materiales est\u00e1ndar del mercado. Las distintas densidades y espesores en los que est\u00e1n disponibles ofrecen al ciclista un confort extremo durante muchas horas y prolongado en el tiempo. Las caracter\u00edsticas de estos poliuretanos permiten que la badana absorba las diversas tensiones durante el pedaleo y, gracias al estudio de una particular estratificaci\u00f3n, satisfaga las necesidades anat\u00f3micas.&nbsp;<\/p><p><br><\/p>\t\t\t\t\t\t\t\t<\/div>\n\t\t\t\t<\/div>\n\t\t\t\t<\/div>\n\t\t\t\t\t<\/div>\n\t\t\t\t<\/div>\n\t\t<div class=\"elementor-element elementor-element-00a0c33 e-flex e-con-boxed e-con e-parent\" data-id=\"00a0c33\" data-element_type=\"container\" data-e-type=\"container\">\n\t\t\t\t\t<div class=\"e-con-inner\">\n\t\t<div class=\"elementor-element elementor-element-cb21c4d e-con-full e-flex e-con e-child\" data-id=\"cb21c4d\" data-element_type=\"container\" data-e-type=\"container\">\n\t\t\t\t<div class=\"elementor-element elementor-element-c530401 elementor-widget elementor-widget-heading\" data-id=\"c530401\" data-element_type=\"widget\" data-e-type=\"widget\" data-widget_type=\"heading.default\">\n\t\t\t\t<div class=\"elementor-widget-container\">\n\t\t\t\t\t<h2 class=\"elementor-heading-title elementor-size-default\"><div>ECOSOSTENIBILIDAD<\/div><\/h2>\t\t\t\t<\/div>\n\t\t\t\t<\/div>\n\t\t\t\t<\/div>\n\t\t<div class=\"elementor-element elementor-element-a6ea635 e-con-full e-flex e-con e-child\" data-id=\"a6ea635\" data-element_type=\"container\" data-e-type=\"container\">\n\t\t\t\t<div class=\"elementor-element elementor-element-4511be4 elementor-widget elementor-widget-text-editor\" data-id=\"4511be4\" data-element_type=\"widget\" data-e-type=\"widget\" data-widget_type=\"text-editor.default\">\n\t\t\t\t<div class=\"elementor-widget-container\">\n\t\t\t\t\t\t\t\t\t<p>Los productos \"SAN MARCO PADS\" son el resultado de una idea y un proceso de trabajo que considera la protecci\u00f3n del medio ambiente como una prioridad. Todas nuestras materias primas provienen de proveedores certificados que nos apoyan constantemente en el desarrollo de materiales reciclados, manteniendo el mismo nivel de calidad. Los diversos factores que nos sit\u00faan a la vanguardia en este campo son el uso de tejidos con hilo reciclado, la reutilizaci\u00f3n de los residuos de espuma de poliuretano y, gracias a los nuevos m\u00e9todos de trabajo, el escaso uso de spray adhesivos.&nbsp;<\/p><p><br><\/p>\t\t\t\t\t\t\t\t<\/div>\n\t\t\t\t<\/div>\n\t\t\t\t<\/div>\n\t\t\t\t\t<\/div>\n\t\t\t\t<\/div>\n\t\t<div class=\"elementor-element elementor-element-57a8bec e-con-full e-flex e-con e-parent\" data-id=\"57a8bec\" data-element_type=\"container\" data-e-type=\"container\">\n\t\t<div class=\"elementor-element elementor-element-ed43bfe e-con-full e-flex e-con e-child\" data-id=\"ed43bfe\" data-element_type=\"container\" data-e-type=\"container\">\n\t\t\t\t<div class=\"elementor-element elementor-element-b003cc5 elementor-widget elementor-widget-image\" data-id=\"b003cc5\" data-element_type=\"widget\" data-e-type=\"widget\" data-widget_type=\"image.default\">\n\t\t\t\t<div class=\"elementor-widget-container\">\n\t\t\t\t\t\t\t\t\t\t\t\t\t\t\t<img decoding=\"async\" src=\"https:\/\/www.sanmarcopads.it\/wp-content\/uploads\/elementor\/thumbs\/DSCF8954_smp_tecnologia-qpybdw36i0accyap4e3zxielgaqgd9qazr7j41gzuw.jpg\" title=\"DSCF8954_smp_tecnologia\" alt=\"DSCF8954_smp_tecnologia\" loading=\"lazy\" \/>\t\t\t\t\t\t\t\t\t\t\t\t\t\t\t<\/div>\n\t\t\t\t<\/div>\n\t\t\t\t<\/div>\n\t\t<div class=\"elementor-element elementor-element-ba5c720 e-con-full e-flex e-con e-child\" data-id=\"ba5c720\" data-element_type=\"container\" data-e-type=\"container\">\n\t\t\t\t<div class=\"elementor-element elementor-element-2d56916 elementor-widget elementor-widget-image\" data-id=\"2d56916\" data-element_type=\"widget\" data-e-type=\"widget\" data-widget_type=\"image.default\">\n\t\t\t\t<div class=\"elementor-widget-container\">\n\t\t\t\t\t\t\t\t\t\t\t\t\t\t\t<img decoding=\"async\" src=\"https:\/\/www.sanmarcopads.it\/wp-content\/uploads\/elementor\/thumbs\/DSCF8975_smp_tecnologia-qpybdkt47zuwhmr2y98h3l92boa1swhiy7dpcpxpxk.jpg\" title=\"DSCF8975_smp_tecnologia\" alt=\"DSCF8975_smp_tecnologia\" loading=\"lazy\" \/>\t\t\t\t\t\t\t\t\t\t\t\t\t\t\t<\/div>\n\t\t\t\t<\/div>\n\t\t\t\t<\/div>\n\t\t\t\t<\/div>\n\t\t\t\t<\/div>","protected":false},"excerpt":{"rendered":"<p>TECNOLOGIA Grazie alla nostra tecnologia \u201cshaped edges\u201d, le varie gamme di prodotti presentano uno spessore differenziato che offre notevole supporto nelle zone di pressione, mantenendo il resto del fondello morbido ed elastico.\u00a0 Andare in bici \u00e8 un piacere, ma spesso la pratica si scontra con fastidi e dolori nella zona ischiatica.&nbsp; &nbsp; La nostra ricerca [&hellip;]<\/p>","protected":false},"author":2,"featured_media":0,"parent":0,"menu_order":0,"comment_status":"closed","ping_status":"closed","template":"","meta":{"footnotes":""},"class_list":["post-661","page","type-page","status-publish","hentry"],"_links":{"self":[{"href":"https:\/\/www.sanmarcopads.it\/es\/wp-json\/wp\/v2\/pages\/661","targetHints":{"allow":["GET"]}}],"collection":[{"href":"https:\/\/www.sanmarcopads.it\/es\/wp-json\/wp\/v2\/pages"}],"about":[{"href":"https:\/\/www.sanmarcopads.it\/es\/wp-json\/wp\/v2\/types\/page"}],"author":[{"embeddable":true,"href":"https:\/\/www.sanmarcopads.it\/es\/wp-json\/wp\/v2\/users\/2"}],"replies":[{"embeddable":true,"href":"https:\/\/www.sanmarcopads.it\/es\/wp-json\/wp\/v2\/comments?post=661"}],"version-history":[{"count":37,"href":"https:\/\/www.sanmarcopads.it\/es\/wp-json\/wp\/v2\/pages\/661\/revisions"}],"predecessor-version":[{"id":1845,"href":"https:\/\/www.sanmarcopads.it\/es\/wp-json\/wp\/v2\/pages\/661\/revisions\/1845"}],"wp:attachment":[{"href":"https:\/\/www.sanmarcopads.it\/es\/wp-json\/wp\/v2\/media?parent=661"}],"curies":[{"name":"wp","href":"https:\/\/api.w.org\/{rel}","templated":true}]}}